{"id":597,"date":"2020-07-30T15:31:45","date_gmt":"2020-07-30T18:31:45","guid":{"rendered":"https:\/\/comprenowhats.com.br\/anacaprimacae\/produto\/tenis-preto-paola-ziper-anacapri\/"},"modified":"2022-05-18T11:19:35","modified_gmt":"2022-05-18T14:19:35","slug":"tenis-preto-paola-ziper-anacapri","status":"publish","type":"product","link":"https:\/\/comprenowhats.com.br\/anacaprimacae\/produto\/tenis-preto-paola-ziper-anacapri\/","title":{"rendered":"T\u00eanis Preto Paola Z\u00edper | Anacapri"},"content":{"rendered":"<p>O Minist\u00e9rio das Descomplicadas adverte: t\u00eanis viciam e devem ser usado sem modera\u00e7\u00e3o! Com revestimento liso, plataforma e detalhe em z\u00edper prateado, esse lindinho vai provocar paix\u00e3o nervosa, desejo incontrol\u00e1vel de desfilar por a\u00ed e looks de faltar o ar! Pronta pra arrasar? N\u00f3s tamb\u00e9m! *Z\u00edper n\u00e3o funcional.<\/p>\n<div style='text-align: center'><\/div>\n<p>* Entre em contato por WhatsApp para verificar a disponibilidade do produto. Ref.: C3002201230002<\/p>\n","protected":false},"excerpt":{"rendered":"<p>Estoque indispon\u00edvel.<br \/><small>atualizado em 18\/05\/2022.<\/p>\n","protected":false},"featured_media":596,"template":"","meta":[],"product_cat":[31],"product_tag":[23],"_links":{"self":[{"href":"https:\/\/comprenowhats.com.br\/anacaprimacae\/wp-json\/wp\/v2\/product\/597"}],"collection":[{"href":"https:\/\/comprenowhats.com.br\/anacaprimacae\/wp-json\/wp\/v2\/product"}],"about":[{"href":"https:\/\/comprenowhats.com.br\/anacaprimacae\/wp-json\/wp\/v2\/types\/product"}],"wp:featuredmedia":[{"embeddable":true,"href":"https:\/\/comprenowhats.com.br\/anacaprimacae\/wp-json\/wp\/v2\/media\/596"}],"wp:attachment":[{"href":"https:\/\/comprenowhats.com.br\/anacaprimacae\/wp-json\/wp\/v2\/media?parent=597"}],"wp:term":[{"taxonomy":"product_cat","embeddable":true,"href":"https:\/\/comprenowhats.com.br\/anacaprimacae\/wp-json\/wp\/v2\/product_cat?post=597"},{"taxonomy":"product_tag","embeddable":true,"href":"https:\/\/comprenowhats.com.br\/anacaprimacae\/wp-json\/wp\/v2\/product_tag?post=597"}],"curies":[{"name":"wp","href":"https:\/\/api.w.org\/{rel}","templated":true}]}}