{"id":591,"date":"2020-07-30T15:31:40","date_gmt":"2020-07-30T18:31:40","guid":{"rendered":"https:\/\/comprenowhats.com.br\/anacaprimacae\/produto\/tenis-slip-on-ana-sola-alta-prateado\/"},"modified":"2022-05-18T11:19:30","modified_gmt":"2022-05-18T14:19:30","slug":"tenis-slip-on-ana-sola-alta-prateado","status":"publish","type":"product","link":"https:\/\/comprenowhats.com.br\/anacaprimacae\/produto\/tenis-slip-on-ana-sola-alta-prateado\/","title":{"rendered":"T\u00eanis Slip On Ana Sola Alta Prateado"},"content":{"rendered":"<p>Quem n\u00e3o ama um Slip On? Quem j\u00e1 usou vai concordar. E quem n\u00e3o usou vai uma uma dica amiga: aposte nos modelos com pegada metalizada. Eles d\u00e3o aquele ar mais arrumadinho para o t\u00eanis. Com o corte a laser, o p\u00e9 transpira e o conforto s\u00f3 n\u00e3o fala mais alto que o estilo! Vai com jeans, com vestidinho, com tudo!<\/p>\n<div style='text-align: center'><img src='https:\/\/secure-static.anacapri.com.br\/medias\/sys_master\/anacapri\/anacapri\/h04\/h92\/h00\/h00\/9819936096286\/3002201210004U-05-BASEIMAGE-Midres.jpg' style='max-height: 400px' \/><img src='https:\/\/secure-static.anacapri.com.br\/medias\/sys_master\/anacapri\/anacapri\/h45\/h73\/h00\/h00\/9819936260126\/3002201210004U-06-BASEIMAGE-Midres.jpg' style='max-height: 400px' \/><img src='https:\/\/secure-static.anacapri.com.br\/medias\/sys_master\/anacapri\/anacapri\/h0e\/h87\/h00\/h00\/9819936423966\/3002201210004U-07-BASEIMAGE-Midres.jpg' style='max-height: 400px' \/><\/div>\n<p>* Entre em contato por WhatsApp para verificar a disponibilidade do produto. Ref.: C3002201210004<\/p>\n","protected":false},"excerpt":{"rendered":"<p>Estoque indispon\u00edvel.<br \/><small>atualizado em 18\/05\/2022.<\/p>\n","protected":false},"featured_media":590,"template":"","meta":[],"product_cat":[31],"product_tag":[23],"_links":{"self":[{"href":"https:\/\/comprenowhats.com.br\/anacaprimacae\/wp-json\/wp\/v2\/product\/591"}],"collection":[{"href":"https:\/\/comprenowhats.com.br\/anacaprimacae\/wp-json\/wp\/v2\/product"}],"about":[{"href":"https:\/\/comprenowhats.com.br\/anacaprimacae\/wp-json\/wp\/v2\/types\/product"}],"wp:featuredmedia":[{"embeddable":true,"href":"https:\/\/comprenowhats.com.br\/anacaprimacae\/wp-json\/wp\/v2\/media\/590"}],"wp:attachment":[{"href":"https:\/\/comprenowhats.com.br\/anacaprimacae\/wp-json\/wp\/v2\/media?parent=591"}],"wp:term":[{"taxonomy":"product_cat","embeddable":true,"href":"https:\/\/comprenowhats.com.br\/anacaprimacae\/wp-json\/wp\/v2\/product_cat?post=591"},{"taxonomy":"product_tag","embeddable":true,"href":"https:\/\/comprenowhats.com.br\/anacaprimacae\/wp-json\/wp\/v2\/product_tag?post=591"}],"curies":[{"name":"wp","href":"https:\/\/api.w.org\/{rel}","templated":true}]}}