{"id":587,"date":"2020-07-30T15:31:38","date_gmt":"2020-07-30T18:31:38","guid":{"rendered":"https:\/\/comprenowhats.com.br\/anacaprimacae\/produto\/tenis-slip-on-moletom-preto\/"},"modified":"2022-05-18T11:19:28","modified_gmt":"2022-05-18T14:19:28","slug":"tenis-slip-on-moletom-preto","status":"publish","type":"product","link":"https:\/\/comprenowhats.com.br\/anacaprimacae\/produto\/tenis-slip-on-moletom-preto\/","title":{"rendered":"T\u00eanis Slip On Moletom Preto"},"content":{"rendered":"<p>O moletom \u00e9 um dos materiais mais gostosinhos que existe. J\u00e1 pensou em ter ele no seu p\u00e9? A gente sim! O slip on revestido com moletom e detalhe em el\u00e1stico \u00e9 aquela pe\u00e7a que voc\u00ea olha e pensa: nunca mais vou tirar! O solado em plataforma adiciona informa\u00e7\u00e3o fashion ao modelito que j\u00e1 ganhou nossos cora\u00e7\u00f5es faz tempo. Bora levar?<\/p>\n<div style='text-align: center'><img src='https:\/\/secure-static.anacapri.com.br\/medias\/sys_master\/anacapri\/anacapri\/h38\/hf9\/h00\/h00\/9819868594206\/3002200350007U-04-BASEIMAGE-Midres.jpg' style='max-height: 400px' \/><img src='https:\/\/secure-static.anacapri.com.br\/medias\/sys_master\/anacapri\/anacapri\/he0\/hae\/h00\/h00\/9819868758046\/3002200350007U-05-BASEIMAGE-Midres.jpg' style='max-height: 400px' \/><img src='https:\/\/secure-static.anacapri.com.br\/medias\/sys_master\/anacapri\/anacapri\/h25\/hb4\/h00\/h00\/9819868921886\/3002200350007U-06-BASEIMAGE-Midres.jpg' style='max-height: 400px' \/><\/div>\n<p>* Entre em contato por WhatsApp para verificar a disponibilidade do produto. Ref.: C3002200350007<\/p>\n","protected":false},"excerpt":{"rendered":"<p>Estoque dispon\u00edvel no tamanho: 35.<br \/><small>atualizado em 18\/05\/2022.<\/p>\n","protected":false},"featured_media":586,"template":"","meta":[],"product_cat":[31],"product_tag":[23],"_links":{"self":[{"href":"https:\/\/comprenowhats.com.br\/anacaprimacae\/wp-json\/wp\/v2\/product\/587"}],"collection":[{"href":"https:\/\/comprenowhats.com.br\/anacaprimacae\/wp-json\/wp\/v2\/product"}],"about":[{"href":"https:\/\/comprenowhats.com.br\/anacaprimacae\/wp-json\/wp\/v2\/types\/product"}],"wp:featuredmedia":[{"embeddable":true,"href":"https:\/\/comprenowhats.com.br\/anacaprimacae\/wp-json\/wp\/v2\/media\/586"}],"wp:attachment":[{"href":"https:\/\/comprenowhats.com.br\/anacaprimacae\/wp-json\/wp\/v2\/media?parent=587"}],"wp:term":[{"taxonomy":"product_cat","embeddable":true,"href":"https:\/\/comprenowhats.com.br\/anacaprimacae\/wp-json\/wp\/v2\/product_cat?post=587"},{"taxonomy":"product_tag","embeddable":true,"href":"https:\/\/comprenowhats.com.br\/anacaprimacae\/wp-json\/wp\/v2\/product_tag?post=587"}],"curies":[{"name":"wp","href":"https:\/\/api.w.org\/{rel}","templated":true}]}}