{"id":577,"date":"2020-07-30T15:31:22","date_gmt":"2020-07-30T18:31:22","guid":{"rendered":"https:\/\/comprenowhats.com.br\/anacaprimacae\/produto\/rasteira-curvas-recorte-animal-print\/"},"modified":"2022-05-18T11:19:22","modified_gmt":"2022-05-18T14:19:22","slug":"rasteira-curvas-recorte-animal-print","status":"publish","type":"product","link":"https:\/\/comprenowhats.com.br\/anacaprimacae\/produto\/rasteira-curvas-recorte-animal-print\/","title":{"rendered":"Rasteira Curvas Recorte Animal Print"},"content":{"rendered":"<p>Com estampa (e textura) animal print, recorte minimalista e solado flat a rasteira \u00e9 daquelas pe\u00e7as imposs\u00edveis de tirar do p\u00e9. Saias longas, midi ou mini. Jeans ou de tecidos leves. O animal print garante o toque de moda &#8211; despretensioso e elegante. A del\u00edcia \u00e9 ter certeza que voc\u00ea est\u00e1 usando a pe\u00e7a mais linda, estilosa e confort\u00e1vel.<\/p>\n<div style='text-align: center'><img src='https:\/\/secure-static.anacapri.com.br\/medias\/sys_master\/anacapri\/anacapri\/h63\/h85\/h00\/h00\/9555629113374\/3001401380001U-04-BASEIMAGE-Midres.jpg' style='max-height: 400px' \/><img src='https:\/\/secure-static.anacapri.com.br\/medias\/sys_master\/anacapri\/anacapri\/h7b\/he1\/h00\/h00\/9555627474974\/3001401380001U-05-BASEIMAGE-Midres.jpg' style='max-height: 400px' \/><img src='https:\/\/secure-static.anacapri.com.br\/medias\/sys_master\/anacapri\/anacapri\/h4b\/h83\/h00\/h00\/9555627147294\/3001401380001U-06-BASEIMAGE-Midres.jpg' style='max-height: 400px' \/><\/div>\n<p>* Entre em contato por WhatsApp para verificar a disponibilidade do produto. Ref.: C3001401380001<\/p>\n","protected":false},"excerpt":{"rendered":"<p>Estoque indispon\u00edvel.<br \/><small>atualizado em 18\/05\/2022.<\/p>\n","protected":false},"featured_media":576,"template":"","meta":[],"product_cat":[30],"product_tag":[28],"_links":{"self":[{"href":"https:\/\/comprenowhats.com.br\/anacaprimacae\/wp-json\/wp\/v2\/product\/577"}],"collection":[{"href":"https:\/\/comprenowhats.com.br\/anacaprimacae\/wp-json\/wp\/v2\/product"}],"about":[{"href":"https:\/\/comprenowhats.com.br\/anacaprimacae\/wp-json\/wp\/v2\/types\/product"}],"wp:featuredmedia":[{"embeddable":true,"href":"https:\/\/comprenowhats.com.br\/anacaprimacae\/wp-json\/wp\/v2\/media\/576"}],"wp:attachment":[{"href":"https:\/\/comprenowhats.com.br\/anacaprimacae\/wp-json\/wp\/v2\/media?parent=577"}],"wp:term":[{"taxonomy":"product_cat","embeddable":true,"href":"https:\/\/comprenowhats.com.br\/anacaprimacae\/wp-json\/wp\/v2\/product_cat?post=577"},{"taxonomy":"product_tag","embeddable":true,"href":"https:\/\/comprenowhats.com.br\/anacaprimacae\/wp-json\/wp\/v2\/product_tag?post=577"}],"curies":[{"name":"wp","href":"https:\/\/api.w.org\/{rel}","templated":true}]}}