{"id":575,"date":"2020-07-30T15:30:58","date_gmt":"2020-07-30T18:30:58","guid":{"rendered":"https:\/\/comprenowhats.com.br\/anacaprimacae\/produto\/rasteira-tiras-corrente-paprica\/"},"modified":"2022-05-18T11:19:29","modified_gmt":"2022-05-18T14:19:29","slug":"rasteira-tiras-corrente-paprica","status":"publish","type":"product","link":"https:\/\/comprenowhats.com.br\/anacaprimacae\/produto\/rasteira-tiras-corrente-paprica\/","title":{"rendered":"Rasteira Tiras Corrente P\u00e1prica"},"content":{"rendered":"<p>Office look arrojado: checked! Produ\u00e7\u00e3o impec\u00e1vel pro final de semana: tamb\u00e9m! Com tiras duplas e aplica\u00e7\u00e3o em corrente, esse modelo monocrom\u00e1tico \u00e9 a pedida para aquele look elegante sem esfor\u00e7o e super confort\u00e1vel que toda descomplicada ama &#8211; e como n\u00e3o amar, n\u00e9?<\/p>\n<div style='text-align: center'><img src='https:\/\/secure-static.anacapri.com.br\/medias\/sys_master\/anacapri\/anacapri\/h83\/h4f\/h00\/h00\/9589700558878\/3001401400004U-04-BASEIMAGE-Midres.jpg' style='max-height: 400px' \/><img src='https:\/\/secure-static.anacapri.com.br\/medias\/sys_master\/anacapri\/anacapri\/h5b\/h47\/h00\/h00\/9589700231198\/3001401400004U-05-BASEIMAGE-Midres.jpg' style='max-height: 400px' \/><img src='https:\/\/secure-static.anacapri.com.br\/medias\/sys_master\/anacapri\/anacapri\/hfc\/h13\/h00\/h00\/9589699903518\/3001401400004U-06-BASEIMAGE-Midres.jpg' style='max-height: 400px' \/><\/div>\n<p>* Entre em contato por WhatsApp para verificar a disponibilidade do produto. Ref.: C3001401400004<\/p>\n","protected":false},"excerpt":{"rendered":"<p>Estoque indispon\u00edvel.<br \/><small>atualizado em 18\/05\/2022.<\/p>\n","protected":false},"featured_media":574,"template":"","meta":[],"product_cat":[30],"product_tag":[28],"_links":{"self":[{"href":"https:\/\/comprenowhats.com.br\/anacaprimacae\/wp-json\/wp\/v2\/product\/575"}],"collection":[{"href":"https:\/\/comprenowhats.com.br\/anacaprimacae\/wp-json\/wp\/v2\/product"}],"about":[{"href":"https:\/\/comprenowhats.com.br\/anacaprimacae\/wp-json\/wp\/v2\/types\/product"}],"wp:featuredmedia":[{"embeddable":true,"href":"https:\/\/comprenowhats.com.br\/anacaprimacae\/wp-json\/wp\/v2\/media\/574"}],"wp:attachment":[{"href":"https:\/\/comprenowhats.com.br\/anacaprimacae\/wp-json\/wp\/v2\/media?parent=575"}],"wp:term":[{"taxonomy":"product_cat","embeddable":true,"href":"https:\/\/comprenowhats.com.br\/anacaprimacae\/wp-json\/wp\/v2\/product_cat?post=575"},{"taxonomy":"product_tag","embeddable":true,"href":"https:\/\/comprenowhats.com.br\/anacaprimacae\/wp-json\/wp\/v2\/product_tag?post=575"}],"curies":[{"name":"wp","href":"https:\/\/api.w.org\/{rel}","templated":true}]}}