{"id":565,"date":"2020-07-30T15:29:47","date_gmt":"2020-07-30T18:29:47","guid":{"rendered":"https:\/\/comprenowhats.com.br\/anacaprimacae\/produto\/rasteira-tiras-cruzadas-pedrarias-preta-anacapri\/"},"modified":"2022-05-18T11:33:03","modified_gmt":"2022-05-18T14:33:03","slug":"rasteira-tiras-cruzadas-pedrarias-preta-anacapri","status":"publish","type":"product","link":"https:\/\/comprenowhats.com.br\/anacaprimacae\/produto\/rasteira-tiras-cruzadas-pedrarias-preta-anacapri\/","title":{"rendered":"Rasteira Tiras Cruzadas Pedrarias Preta | Anacapri"},"content":{"rendered":"<p>J\u00e1 pode morrer por esse novo modelo de rasteira? A mistura de tiras deixam a flat confort\u00e1vel para o dia a dia, e o detalhe da pedraria faz quest\u00e3o de mostrar que essa pe\u00e7a n\u00e3o \u00e9 qualquer pe\u00e7a! Com um pretinho b\u00e1sico voc\u00ea sai do comum, com jeans voc\u00ea ganha um toque especial. Com ela, acerta sempre! Nesse modelo aconselhamos a compra de um tamanho maior do que sua numera\u00e7\u00e3o convencional.<\/p>\n<div style='text-align: center'><\/div>\n<p>* Entre em contato por WhatsApp para verificar a disponibilidade do produto. Ref.: C3001400590008<\/p>\n","protected":false},"excerpt":{"rendered":"<p>Estoque dispon\u00edvel no tamanho: 40.<br \/><small>atualizado em 18\/05\/2022.<\/p>\n","protected":false},"featured_media":564,"template":"","meta":[],"product_cat":[30],"product_tag":[28],"_links":{"self":[{"href":"https:\/\/comprenowhats.com.br\/anacaprimacae\/wp-json\/wp\/v2\/product\/565"}],"collection":[{"href":"https:\/\/comprenowhats.com.br\/anacaprimacae\/wp-json\/wp\/v2\/product"}],"about":[{"href":"https:\/\/comprenowhats.com.br\/anacaprimacae\/wp-json\/wp\/v2\/types\/product"}],"wp:featuredmedia":[{"embeddable":true,"href":"https:\/\/comprenowhats.com.br\/anacaprimacae\/wp-json\/wp\/v2\/media\/564"}],"wp:attachment":[{"href":"https:\/\/comprenowhats.com.br\/anacaprimacae\/wp-json\/wp\/v2\/media?parent=565"}],"wp:term":[{"taxonomy":"product_cat","embeddable":true,"href":"https:\/\/comprenowhats.com.br\/anacaprimacae\/wp-json\/wp\/v2\/product_cat?post=565"},{"taxonomy":"product_tag","embeddable":true,"href":"https:\/\/comprenowhats.com.br\/anacaprimacae\/wp-json\/wp\/v2\/product_tag?post=565"}],"curies":[{"name":"wp","href":"https:\/\/api.w.org\/{rel}","templated":true}]}}