{"id":547,"date":"2020-07-30T15:28:57","date_gmt":"2020-07-30T18:28:57","guid":{"rendered":"https:\/\/comprenowhats.com.br\/anacaprimacae\/produto\/rasteira-paprica-tiras-cruzadas-anacapri\/"},"modified":"2022-08-18T15:19:42","modified_gmt":"2022-08-18T18:19:42","slug":"rasteira-paprica-tiras-cruzadas-anacapri","status":"publish","type":"product","link":"https:\/\/comprenowhats.com.br\/anacaprimacae\/produto\/rasteira-paprica-tiras-cruzadas-anacapri\/","title":{"rendered":"Rasteira P\u00e1prica Tiras Cruzadas | Anacapri"},"content":{"rendered":"<p>O conforto nunca esteve t\u00e3o na moda! A rasteira de tiras de couro lisas e cruzadas \u00e9 superpr\u00e1rtica e perfeita para te acompanhar em qualquer ocasi\u00e3o. Um look pra cada cor, uma rasteira para cada look! Nesse modelo aconselhamos a compra de um tamanho maior do que sua numera\u00e7\u00e3o convencional.<\/p>\n<div style='text-align: center'><\/div>\n<p>* Entre em contato por WhatsApp para verificar a disponibilidade do produto. Ref.: C3001400040069<\/p>\n","protected":false},"excerpt":{"rendered":"<p>Estoque dispon\u00edvel no tamanho: 35.<br \/><small>atualizado em 18\/08\/2022.<\/p>\n","protected":false},"featured_media":546,"template":"","meta":[],"product_cat":[30],"product_tag":[23],"_links":{"self":[{"href":"https:\/\/comprenowhats.com.br\/anacaprimacae\/wp-json\/wp\/v2\/product\/547"}],"collection":[{"href":"https:\/\/comprenowhats.com.br\/anacaprimacae\/wp-json\/wp\/v2\/product"}],"about":[{"href":"https:\/\/comprenowhats.com.br\/anacaprimacae\/wp-json\/wp\/v2\/types\/product"}],"wp:featuredmedia":[{"embeddable":true,"href":"https:\/\/comprenowhats.com.br\/anacaprimacae\/wp-json\/wp\/v2\/media\/546"}],"wp:attachment":[{"href":"https:\/\/comprenowhats.com.br\/anacaprimacae\/wp-json\/wp\/v2\/media?parent=547"}],"wp:term":[{"taxonomy":"product_cat","embeddable":true,"href":"https:\/\/comprenowhats.com.br\/anacaprimacae\/wp-json\/wp\/v2\/product_cat?post=547"},{"taxonomy":"product_tag","embeddable":true,"href":"https:\/\/comprenowhats.com.br\/anacaprimacae\/wp-json\/wp\/v2\/product_tag?post=547"}],"curies":[{"name":"wp","href":"https:\/\/api.w.org\/{rel}","templated":true}]}}