{"id":541,"date":"2020-07-30T15:28:40","date_gmt":"2020-07-30T18:28:40","guid":{"rendered":"https:\/\/comprenowhats.com.br\/anacaprimacae\/produto\/tenis-knit-luiza-preto-anacapri\/"},"modified":"2022-05-18T11:19:20","modified_gmt":"2022-05-18T14:19:20","slug":"tenis-knit-luiza-preto-anacapri","status":"publish","type":"product","link":"https:\/\/comprenowhats.com.br\/anacaprimacae\/produto\/tenis-knit-luiza-preto-anacapri\/","title":{"rendered":"T\u00eanis Knit Luiza Preto | Anacapri"},"content":{"rendered":"<p>Sabe aquele cal\u00e7ado que parece que foi feito especialmente pro seu p\u00e9? Esse \u00e9 o t\u00eanis stretch! Com modelagem e material super anat\u00f4micos, ele tem revestimento em malharia com inspira\u00e7\u00e3o artesanal. Perfeito para fazer aquele jogo de misturas com pe\u00e7as esportivas, alfaiataria e arrasar no combo jeans+camiseta. Se joga!\u00a0*Produto com modelagem grande, sugerimos a compra de uma numera\u00e7\u00e3o menor do que seu tamanho convencional.<\/p>\n<div style='text-align: center'><\/div>\n<p>* Entre em contato por WhatsApp para verificar a disponibilidade do produto. Ref.: C3000003250007<\/p>\n","protected":false},"excerpt":{"rendered":"<p>Estoque indispon\u00edvel.<br \/><small>atualizado em 18\/05\/2022.<\/p>\n","protected":false},"featured_media":540,"template":"","meta":[],"product_cat":[31],"product_tag":[22,23,24,25,26],"_links":{"self":[{"href":"https:\/\/comprenowhats.com.br\/anacaprimacae\/wp-json\/wp\/v2\/product\/541"}],"collection":[{"href":"https:\/\/comprenowhats.com.br\/anacaprimacae\/wp-json\/wp\/v2\/product"}],"about":[{"href":"https:\/\/comprenowhats.com.br\/anacaprimacae\/wp-json\/wp\/v2\/types\/product"}],"wp:featuredmedia":[{"embeddable":true,"href":"https:\/\/comprenowhats.com.br\/anacaprimacae\/wp-json\/wp\/v2\/media\/540"}],"wp:attachment":[{"href":"https:\/\/comprenowhats.com.br\/anacaprimacae\/wp-json\/wp\/v2\/media?parent=541"}],"wp:term":[{"taxonomy":"product_cat","embeddable":true,"href":"https:\/\/comprenowhats.com.br\/anacaprimacae\/wp-json\/wp\/v2\/product_cat?post=541"},{"taxonomy":"product_tag","embeddable":true,"href":"https:\/\/comprenowhats.com.br\/anacaprimacae\/wp-json\/wp\/v2\/product_tag?post=541"}],"curies":[{"name":"wp","href":"https:\/\/api.w.org\/{rel}","templated":true}]}}