{"id":535,"date":"2020-07-30T15:27:46","date_gmt":"2020-07-30T18:27:46","guid":{"rendered":"https:\/\/comprenowhats.com.br\/anacaprimacae\/produto\/tenis-slip-on-elastico-glam-preto-anacapri\/"},"modified":"2023-08-18T11:40:32","modified_gmt":"2023-08-18T14:40:32","slug":"tenis-slip-on-elastico-glam-preto-anacapri","status":"publish","type":"product","link":"https:\/\/comprenowhats.com.br\/anacaprimacae\/produto\/tenis-slip-on-elastico-glam-preto-anacapri\/","title":{"rendered":"T\u00eanis Slip On El\u00e1stico Glam Preto | Anacapri"},"content":{"rendered":"<p>Glam, futurista, esportivo e cl\u00e1ssico: ele \u00e9 tudo e o que mais voc\u00ea quiser! A combina\u00e7\u00e3o elegante do preto com o brilho met\u00e1lico da biqueira + os el\u00e1sticos cruzados fazem desse modelo a certeza de looks descomplicados. Jeans, alfaiataria e at\u00e9 pe\u00e7as delicadas e super femininas ganham um upgrade fashion quando essa belezinha est\u00e1 no p\u00e9. Vamos?<\/p>\n<div style='text-align: center'><\/div>\n<p>* Entre em contato por WhatsApp para verificar a disponibilidade do produto. Ref.: C3000003240002<\/p>\n","protected":false},"excerpt":{"rendered":"<p>Estoque dispon\u00edvel nos tamanhos: ULTIMA_ESTACAO, 35.<br \/><small>atualizado em 18\/08\/2023.<\/p>\n","protected":false},"featured_media":534,"template":"","meta":[],"product_cat":[31],"product_tag":[23,103],"_links":{"self":[{"href":"https:\/\/comprenowhats.com.br\/anacaprimacae\/wp-json\/wp\/v2\/product\/535"}],"collection":[{"href":"https:\/\/comprenowhats.com.br\/anacaprimacae\/wp-json\/wp\/v2\/product"}],"about":[{"href":"https:\/\/comprenowhats.com.br\/anacaprimacae\/wp-json\/wp\/v2\/types\/product"}],"wp:featuredmedia":[{"embeddable":true,"href":"https:\/\/comprenowhats.com.br\/anacaprimacae\/wp-json\/wp\/v2\/media\/534"}],"wp:attachment":[{"href":"https:\/\/comprenowhats.com.br\/anacaprimacae\/wp-json\/wp\/v2\/media?parent=535"}],"wp:term":[{"taxonomy":"product_cat","embeddable":true,"href":"https:\/\/comprenowhats.com.br\/anacaprimacae\/wp-json\/wp\/v2\/product_cat?post=535"},{"taxonomy":"product_tag","embeddable":true,"href":"https:\/\/comprenowhats.com.br\/anacaprimacae\/wp-json\/wp\/v2\/product_tag?post=535"}],"curies":[{"name":"wp","href":"https:\/\/api.w.org\/{rel}","templated":true}]}}