{"id":533,"date":"2020-07-30T15:27:43","date_gmt":"2020-07-30T18:27:43","guid":{"rendered":"https:\/\/comprenowhats.com.br\/anacaprimacae\/produto\/tenis-malu-mule-salvia\/"},"modified":"2022-05-18T11:19:18","modified_gmt":"2022-05-18T14:19:18","slug":"tenis-malu-mule-salvia","status":"publish","type":"product","link":"https:\/\/comprenowhats.com.br\/anacaprimacae\/produto\/tenis-malu-mule-salvia\/","title":{"rendered":"T\u00eanis Malu Mule S\u00e1lvia"},"content":{"rendered":"<p>Imposs\u00edvel n\u00e3o amar: t\u00eanis aberto \u00e9 a maior delicia e inven\u00e7\u00e3o do ver\u00e3o! Aqui voc\u00ea v\u00ea um exemplar do conforto unido ao tipo mais pr\u00e1tico de sapato &#8211; aquele que voc\u00ea s\u00f3 encaixa o p\u00e9 e sai. Misturas e contrastes como essa s\u00e3o um convite para brincar no look que pode ser mais esportivo &#8211; inspirado no t\u00eanis &#8211; ou mais cl\u00e1ssico, puxando pro lado da mule!<\/p>\n<div style='text-align: center'><img src='https:\/\/secure-static.anacapri.com.br\/medias\/sys_master\/anacapri\/anacapri\/h34\/h8c\/h00\/h00\/9536763363358\/3000003150003U-04-BASEIMAGE-Midres.jpg' style='max-height: 400px' \/><img src='https:\/\/secure-static.anacapri.com.br\/medias\/sys_master\/anacapri\/anacapri\/h9e\/h3c\/h00\/h00\/9536763035678\/3000003150003U-05-BASEIMAGE-Midres.jpg' style='max-height: 400px' \/><img src='https:\/\/secure-static.anacapri.com.br\/medias\/sys_master\/anacapri\/anacapri\/h71\/hc9\/h00\/h00\/9536762380318\/3000003150003U-06-BASEIMAGE-Midres.jpg' style='max-height: 400px' \/><\/div>\n<p>* Entre em contato por WhatsApp para verificar a disponibilidade do produto. Ref.: C3000003150003<\/p>\n","protected":false},"excerpt":{"rendered":"<p>Estoque indispon\u00edvel.<br \/><small>atualizado em 18\/05\/2022.<\/p>\n","protected":false},"featured_media":532,"template":"","meta":[],"product_cat":[31],"product_tag":[21,23,25,26,27],"_links":{"self":[{"href":"https:\/\/comprenowhats.com.br\/anacaprimacae\/wp-json\/wp\/v2\/product\/533"}],"collection":[{"href":"https:\/\/comprenowhats.com.br\/anacaprimacae\/wp-json\/wp\/v2\/product"}],"about":[{"href":"https:\/\/comprenowhats.com.br\/anacaprimacae\/wp-json\/wp\/v2\/types\/product"}],"wp:featuredmedia":[{"embeddable":true,"href":"https:\/\/comprenowhats.com.br\/anacaprimacae\/wp-json\/wp\/v2\/media\/532"}],"wp:attachment":[{"href":"https:\/\/comprenowhats.com.br\/anacaprimacae\/wp-json\/wp\/v2\/media?parent=533"}],"wp:term":[{"taxonomy":"product_cat","embeddable":true,"href":"https:\/\/comprenowhats.com.br\/anacaprimacae\/wp-json\/wp\/v2\/product_cat?post=533"},{"taxonomy":"product_tag","embeddable":true,"href":"https:\/\/comprenowhats.com.br\/anacaprimacae\/wp-json\/wp\/v2\/product_tag?post=533"}],"curies":[{"name":"wp","href":"https:\/\/api.w.org\/{rel}","templated":true}]}}