{"id":531,"date":"2020-07-30T15:27:21","date_gmt":"2020-07-30T18:27:21","guid":{"rendered":"https:\/\/comprenowhats.com.br\/anacaprimacae\/produto\/tenis-malu-mule-damasco\/"},"modified":"2022-05-18T11:19:18","modified_gmt":"2022-05-18T14:19:18","slug":"tenis-malu-mule-damasco","status":"publish","type":"product","link":"https:\/\/comprenowhats.com.br\/anacaprimacae\/produto\/tenis-malu-mule-damasco\/","title":{"rendered":"T\u00eanis Malu Mule Damasco"},"content":{"rendered":"<p>Imposs\u00edvel n\u00e3o amar: t\u00eanis aberto \u00e9 a maior delicia e inven\u00e7\u00e3o do ver\u00e3o! Aqui voc\u00ea v\u00ea um exemplar do conforto unido ao tipo mais pr\u00e1tico de sapato &#8211; aquele que voc\u00ea s\u00f3 encaixa o p\u00e9 e sai. Misturas e contrastes como essa s\u00e3o um convite para brincar no look que pode ser mais esportivo &#8211; inspirado no t\u00eanis &#8211; ou mais cl\u00e1ssico, puxando pro lado da mule!<\/p>\n<div style='text-align: center'><img src='https:\/\/secure-static.anacapri.com.br\/medias\/sys_master\/anacapri\/anacapri\/h8b\/h1f\/h00\/h00\/9536757989406\/3000003150001U-03-BASEIMAGE-Midres.jpg' style='max-height: 400px' \/><img src='https:\/\/secure-static.anacapri.com.br\/medias\/sys_master\/anacapri\/anacapri\/h8c\/h30\/h00\/h00\/9536758644766\/3000003150001U-04-BASEIMAGE-Midres.jpg' style='max-height: 400px' \/><img src='https:\/\/secure-static.anacapri.com.br\/medias\/sys_master\/anacapri\/anacapri\/hbc\/h8e\/h00\/h00\/9536758317086\/3000003150001U-05-BASEIMAGE-Midres.jpg' style='max-height: 400px' \/><img src='https:\/\/secure-static.anacapri.com.br\/medias\/sys_master\/anacapri\/anacapri\/hff\/hcd\/h00\/h00\/9536759267358\/3000003150001U-06-BASEIMAGE-Midres.jpg' style='max-height: 400px' \/><img src='https:\/\/secure-static.anacapri.com.br\/medias\/sys_master\/anacapri\/anacapri\/h6a\/he2\/h00\/h00\/9536759595038\/3000003150001U-07-BASEIMAGE-Midres.jpg' style='max-height: 400px' \/><img src='https:\/\/secure-static.anacapri.com.br\/medias\/sys_master\/anacapri\/anacapri\/h60\/hed\/h00\/h00\/9536759922718\/3000003150001U-08-BASEIMAGE-Midres.jpg' style='max-height: 400px' \/><\/div>\n<p>* Entre em contato por WhatsApp para verificar a disponibilidade do produto. Ref.: C3000003150001<\/p>\n","protected":false},"excerpt":{"rendered":"<p>Estoque indispon\u00edvel.<br \/><small>atualizado em 18\/05\/2022.<\/p>\n","protected":false},"featured_media":530,"template":"","meta":[],"product_cat":[31],"product_tag":[21,23,25,26,27],"_links":{"self":[{"href":"https:\/\/comprenowhats.com.br\/anacaprimacae\/wp-json\/wp\/v2\/product\/531"}],"collection":[{"href":"https:\/\/comprenowhats.com.br\/anacaprimacae\/wp-json\/wp\/v2\/product"}],"about":[{"href":"https:\/\/comprenowhats.com.br\/anacaprimacae\/wp-json\/wp\/v2\/types\/product"}],"wp:featuredmedia":[{"embeddable":true,"href":"https:\/\/comprenowhats.com.br\/anacaprimacae\/wp-json\/wp\/v2\/media\/530"}],"wp:attachment":[{"href":"https:\/\/comprenowhats.com.br\/anacaprimacae\/wp-json\/wp\/v2\/media?parent=531"}],"wp:term":[{"taxonomy":"product_cat","embeddable":true,"href":"https:\/\/comprenowhats.com.br\/anacaprimacae\/wp-json\/wp\/v2\/product_cat?post=531"},{"taxonomy":"product_tag","embeddable":true,"href":"https:\/\/comprenowhats.com.br\/anacaprimacae\/wp-json\/wp\/v2\/product_tag?post=531"}],"curies":[{"name":"wp","href":"https:\/\/api.w.org\/{rel}","templated":true}]}}