{"id":529,"date":"2020-07-30T15:27:15","date_gmt":"2020-07-30T18:27:15","guid":{"rendered":"https:\/\/comprenowhats.com.br\/anacaprimacae\/produto\/tenis-slip-on-elastico-preto-e-branco\/"},"modified":"2022-05-18T11:32:58","modified_gmt":"2022-05-18T14:32:58","slug":"tenis-slip-on-elastico-preto-e-branco","status":"publish","type":"product","link":"https:\/\/comprenowhats.com.br\/anacaprimacae\/produto\/tenis-slip-on-elastico-preto-e-branco\/","title":{"rendered":"T\u00eanis Slip On El\u00e1stico Preto e Branco"},"content":{"rendered":"<p>Futurista, esportivo e cl\u00e1ssico: ele \u00e9 tudo e o que mais voc\u00ea quiser! A combina\u00e7\u00e3o elegante do p&amp;b + os el\u00e1sticos cruzados fazem desse modelo a certeza de looks descomplicados. Jeans, alfaiataria e at\u00e9 pe\u00e7as delicadas e super femininas ganham um upgrade fashion quando essa belezinha est\u00e1 no p\u00e9. Vamos?<\/p>\n<div style='text-align: center'><img src='https:\/\/secure-static.anacapri.com.br\/medias\/sys_master\/anacapri\/anacapri\/hc8\/h25\/h00\/h00\/9589790998558\/3000003090004U-04-BASEIMAGE-Midres.jpg' style='max-height: 400px' \/><img src='https:\/\/secure-static.anacapri.com.br\/medias\/sys_master\/anacapri\/anacapri\/h93\/h95\/h00\/h00\/9589790670878\/3000003090004U-05-BASEIMAGE-Midres.jpg' style='max-height: 400px' \/><img src='https:\/\/secure-static.anacapri.com.br\/medias\/sys_master\/anacapri\/anacapri\/hc2\/hf3\/h00\/h00\/9589790343198\/3000003090004U-06-BASEIMAGE-Midres.jpg' style='max-height: 400px' \/><\/div>\n<p>* Entre em contato por WhatsApp para verificar a disponibilidade do produto. Ref.: C3000003090004<\/p>\n","protected":false},"excerpt":{"rendered":"<p>Estoque indispon\u00edvel.<br \/><small>atualizado em 18\/05\/2022.<\/p>\n","protected":false},"featured_media":528,"template":"","meta":[],"product_cat":[31],"product_tag":[21,23,25,26,27],"_links":{"self":[{"href":"https:\/\/comprenowhats.com.br\/anacaprimacae\/wp-json\/wp\/v2\/product\/529"}],"collection":[{"href":"https:\/\/comprenowhats.com.br\/anacaprimacae\/wp-json\/wp\/v2\/product"}],"about":[{"href":"https:\/\/comprenowhats.com.br\/anacaprimacae\/wp-json\/wp\/v2\/types\/product"}],"wp:featuredmedia":[{"embeddable":true,"href":"https:\/\/comprenowhats.com.br\/anacaprimacae\/wp-json\/wp\/v2\/media\/528"}],"wp:attachment":[{"href":"https:\/\/comprenowhats.com.br\/anacaprimacae\/wp-json\/wp\/v2\/media?parent=529"}],"wp:term":[{"taxonomy":"product_cat","embeddable":true,"href":"https:\/\/comprenowhats.com.br\/anacaprimacae\/wp-json\/wp\/v2\/product_cat?post=529"},{"taxonomy":"product_tag","embeddable":true,"href":"https:\/\/comprenowhats.com.br\/anacaprimacae\/wp-json\/wp\/v2\/product_tag?post=529"}],"curies":[{"name":"wp","href":"https:\/\/api.w.org\/{rel}","templated":true}]}}