{"id":527,"date":"2020-07-30T15:26:59","date_gmt":"2020-07-30T18:26:59","guid":{"rendered":"https:\/\/comprenowhats.com.br\/anacaprimacae\/produto\/tenis-paola-slip-on-porcelana\/"},"modified":"2022-05-18T11:19:11","modified_gmt":"2022-05-18T14:19:11","slug":"tenis-paola-slip-on-porcelana","status":"publish","type":"product","link":"https:\/\/comprenowhats.com.br\/anacaprimacae\/produto\/tenis-paola-slip-on-porcelana\/","title":{"rendered":"T\u00eanis Paola Slip On Porcelana"},"content":{"rendered":"<p>Despojado na medida<br \/>\nDetalhes que simplificam: inteiramente composto de um \u00fanico material e com as costuras na mesma cor, d\u00e3o esse ar sofisticado sem esfor\u00e7o que a gente ama.<br \/>\n\u00c0 prova de erros<br \/>\nA aus\u00eancia de cadar\u00e7o facilita a combina\u00e7\u00e3o de cores, tecidos, texturas e estampas, ou seja, liberdade total para escolher a roupa que voc\u00ea quiser.<br \/>\nPr\u00e1tico e abra\u00e7a o p\u00e9<br \/>\nNo lugar do cadar\u00e7o, um el\u00e1stico que, al\u00e9m de deixar tudo mais f\u00e1cil e r\u00e1pido, envolve e abra\u00e7a todos os formatos de p\u00e9s no puro conforto descomplicado.<br \/>\nB\u00e1sico com personalidade<br \/>\nQuando pensamos na principal coisa que diferencia um t\u00eanis de outros cal\u00e7ados, talvez seja o cadar\u00e7o, por isso escolhemos excluir esse elemento para dar esse toque de novidade e de ousadia, tirando do lugar comum.<br \/>\nAtemporal<br \/>\nEste n\u00e3o \u00e9 um t\u00eanis que traz uma tend\u00eancia que vai passar amanh\u00e3 ou que voc\u00ea vai enjoar, \u00e9 aquele queridinho que ultrapassa o tempo, as esta\u00e7\u00f5es e at\u00e9 mesmo nossos diferentes estilos com maestria.<\/p>\n<div style='text-align: center'><img src='https:\/\/secure-static.anacapri.com.br\/medias\/sys_master\/anacapri\/anacapri\/h31\/h1e\/h00\/h00\/9555624525854\/3000002860010U-04-BASEIMAGE-Midres.jpg' style='max-height: 400px' \/><img src='https:\/\/secure-static.anacapri.com.br\/medias\/sys_master\/anacapri\/anacapri\/h8b\/hc8\/h00\/h00\/9555623542814\/3000002860010U-05-BASEIMAGE-Midres.jpg' style='max-height: 400px' \/><img src='https:\/\/secure-static.anacapri.com.br\/medias\/sys_master\/anacapri\/anacapri\/h26\/h29\/h00\/h00\/9555624198174\/3000002860010U-06-BASEIMAGE-Midres.jpg' style='max-height: 400px' \/><\/div>\n<p>* Entre em contato por WhatsApp para verificar a disponibilidade do produto. Ref.: C3000002860010<\/p>\n","protected":false},"excerpt":{"rendered":"<p>Estoque indispon\u00edvel.<br \/><small>atualizado em 18\/05\/2022.<\/p>\n","protected":false},"featured_media":526,"template":"","meta":[],"product_cat":[31],"product_tag":[21,23,25,26,27],"_links":{"self":[{"href":"https:\/\/comprenowhats.com.br\/anacaprimacae\/wp-json\/wp\/v2\/product\/527"}],"collection":[{"href":"https:\/\/comprenowhats.com.br\/anacaprimacae\/wp-json\/wp\/v2\/product"}],"about":[{"href":"https:\/\/comprenowhats.com.br\/anacaprimacae\/wp-json\/wp\/v2\/types\/product"}],"wp:featuredmedia":[{"embeddable":true,"href":"https:\/\/comprenowhats.com.br\/anacaprimacae\/wp-json\/wp\/v2\/media\/526"}],"wp:attachment":[{"href":"https:\/\/comprenowhats.com.br\/anacaprimacae\/wp-json\/wp\/v2\/media?parent=527"}],"wp:term":[{"taxonomy":"product_cat","embeddable":true,"href":"https:\/\/comprenowhats.com.br\/anacaprimacae\/wp-json\/wp\/v2\/product_cat?post=527"},{"taxonomy":"product_tag","embeddable":true,"href":"https:\/\/comprenowhats.com.br\/anacaprimacae\/wp-json\/wp\/v2\/product_tag?post=527"}],"curies":[{"name":"wp","href":"https:\/\/api.w.org\/{rel}","templated":true}]}}