{"id":525,"date":"2020-07-30T15:26:53","date_gmt":"2020-07-30T18:26:53","guid":{"rendered":"https:\/\/comprenowhats.com.br\/anacaprimacae\/produto\/tenis-paola-slip-on-branco-anacapri\/"},"modified":"2022-11-08T10:54:56","modified_gmt":"2022-11-08T13:54:56","slug":"tenis-paola-slip-on-branco-anacapri","status":"publish","type":"product","link":"https:\/\/comprenowhats.com.br\/anacaprimacae\/produto\/tenis-paola-slip-on-branco-anacapri\/","title":{"rendered":"T\u00eanis Paola Slip On Branco | Anacapri"},"content":{"rendered":"<div><strong>Despojado na medida\u00a0<\/strong><\/div>\n<div>Detalhes que simplificam: inteiramente composto de um \u00fanico material e com as costuras na mesma cor, d\u00e3o esse ar sofisticado sem esfor\u00e7o que a gente ama.<\/div>\n<div><strong>\u00c0 prova de erros<\/strong><\/div>\n<div>A aus\u00eancia de cadar\u00e7o facilita a combina\u00e7\u00e3o de cores, tecidos, texturas e estampas, ou seja, liberdade total para escolher a roupa que voc\u00ea quiser.<\/div>\n<div><strong>Pr\u00e1tico e abra\u00e7a o p\u00e9\u00a0<\/strong><\/div>\n<div>No lugar do cadar\u00e7o, um el\u00e1stico que, al\u00e9m de deixar tudo mais f\u00e1cil e r\u00e1pido, envolve e abra\u00e7a todos os formatos de p\u00e9s no puro conforto descomplicado.<\/div>\n<div><strong>B\u00e1sico com personalidade<\/strong><\/div>\n<div>Quando pensamos na principal coisa que diferencia um t\u00eanis de outros cal\u00e7ados, talvez seja o cadar\u00e7o, por isso escolhemos excluir esse elemento para dar esse toque de novidade e de ousadia, tirando do lugar comum.<\/div>\n<div><strong>Atemporal\u00a0<\/strong><\/div>\n<div>Este n\u00e3o \u00e9 um t\u00eanis que traz uma tend\u00eancia que vai passar amanh\u00e3 ou que voc\u00ea vai enjoar, \u00e9 aquele queridinho que ultrapassa o tempo, as esta\u00e7\u00f5es e at\u00e9 mesmo nossos diferentes estilos com maestria.<\/div>\n<div style='text-align: center'><\/div>\n<p>* Entre em contato por WhatsApp para verificar a disponibilidade do produto. Ref.: C3000002860003<\/p>\n","protected":false},"excerpt":{"rendered":"<p>Estoque dispon\u00edvel nos tamanhos: 33, 39, 40.<br \/><small>atualizado em 08\/11\/2022.<\/p>\n","protected":false},"featured_media":524,"template":"","meta":[],"product_cat":[31],"product_tag":[21,27,28],"_links":{"self":[{"href":"https:\/\/comprenowhats.com.br\/anacaprimacae\/wp-json\/wp\/v2\/product\/525"}],"collection":[{"href":"https:\/\/comprenowhats.com.br\/anacaprimacae\/wp-json\/wp\/v2\/product"}],"about":[{"href":"https:\/\/comprenowhats.com.br\/anacaprimacae\/wp-json\/wp\/v2\/types\/product"}],"wp:featuredmedia":[{"embeddable":true,"href":"https:\/\/comprenowhats.com.br\/anacaprimacae\/wp-json\/wp\/v2\/media\/524"}],"wp:attachment":[{"href":"https:\/\/comprenowhats.com.br\/anacaprimacae\/wp-json\/wp\/v2\/media?parent=525"}],"wp:term":[{"taxonomy":"product_cat","embeddable":true,"href":"https:\/\/comprenowhats.com.br\/anacaprimacae\/wp-json\/wp\/v2\/product_cat?post=525"},{"taxonomy":"product_tag","embeddable":true,"href":"https:\/\/comprenowhats.com.br\/anacaprimacae\/wp-json\/wp\/v2\/product_tag?post=525"}],"curies":[{"name":"wp","href":"https:\/\/api.w.org\/{rel}","templated":true}]}}