{"id":523,"date":"2020-07-30T15:26:35","date_gmt":"2020-07-30T18:26:35","guid":{"rendered":"https:\/\/comprenowhats.com.br\/anacaprimacae\/produto\/tenis-matelasse-branco-anacapri\/"},"modified":"2022-05-18T11:45:31","modified_gmt":"2022-05-18T14:45:31","slug":"tenis-matelasse-branco-anacapri","status":"publish","type":"product","link":"https:\/\/comprenowhats.com.br\/anacaprimacae\/produto\/tenis-matelasse-branco-anacapri\/","title":{"rendered":"T\u00eanis Matelass\u00ea Branco | Anacapri"},"content":{"rendered":"<div>All white: se tem um t\u00eanis que marcou um X no nosso cora\u00e7\u00e3o foi o t\u00eanis branco, n\u00e9? A verdade \u00e9 que n\u00e3o existe uma pe\u00e7a que voc\u00ea coloque com o seu t\u00eanis branco que n\u00e3o fica perfeita. O dia a dia fica mais f\u00e1cil, voc\u00ea fica mais estilosa, o mundo fica mais lindo e descomplicado! Esse aqui, al\u00e9m do shape diferente, tem esse acabamento com v\u00e1rias costuras que desenham grafismos na pe\u00e7a!<\/div>\n<div style='text-align: center'><\/div>\n<p>* Entre em contato por WhatsApp para verificar a disponibilidade do produto. Ref.: C3000002830011<\/p>\n","protected":false},"excerpt":{"rendered":"<p>Estoque dispon\u00edvel no tamanho: 36.<br \/><small>atualizado em 18\/05\/2022.<\/p>\n","protected":false},"featured_media":522,"template":"","meta":[],"product_cat":[31],"product_tag":[24],"_links":{"self":[{"href":"https:\/\/comprenowhats.com.br\/anacaprimacae\/wp-json\/wp\/v2\/product\/523"}],"collection":[{"href":"https:\/\/comprenowhats.com.br\/anacaprimacae\/wp-json\/wp\/v2\/product"}],"about":[{"href":"https:\/\/comprenowhats.com.br\/anacaprimacae\/wp-json\/wp\/v2\/types\/product"}],"wp:featuredmedia":[{"embeddable":true,"href":"https:\/\/comprenowhats.com.br\/anacaprimacae\/wp-json\/wp\/v2\/media\/522"}],"wp:attachment":[{"href":"https:\/\/comprenowhats.com.br\/anacaprimacae\/wp-json\/wp\/v2\/media?parent=523"}],"wp:term":[{"taxonomy":"product_cat","embeddable":true,"href":"https:\/\/comprenowhats.com.br\/anacaprimacae\/wp-json\/wp\/v2\/product_cat?post=523"},{"taxonomy":"product_tag","embeddable":true,"href":"https:\/\/comprenowhats.com.br\/anacaprimacae\/wp-json\/wp\/v2\/product_tag?post=523"}],"curies":[{"name":"wp","href":"https:\/\/api.w.org\/{rel}","templated":true}]}}