{"id":521,"date":"2020-07-30T15:26:34","date_gmt":"2020-07-30T18:26:34","guid":{"rendered":"https:\/\/comprenowhats.com.br\/anacaprimacae\/produto\/tenis-preto-knit-anacapri\/"},"modified":"2023-03-14T16:28:38","modified_gmt":"2023-03-14T19:28:38","slug":"tenis-preto-knit-anacapri","status":"publish","type":"product","link":"https:\/\/comprenowhats.com.br\/anacaprimacae\/produto\/tenis-preto-knit-anacapri\/","title":{"rendered":"T\u00eanis Preto Knit | Anacapri"},"content":{"rendered":"<p>O t\u00eanis com inspira\u00e7\u00e3o sporty veio para ficar! O acabamento em tricot faz do modelo um \u00edcone do conforto, al\u00e9m de torn\u00e1-lo muito leve. Combine com sua pe\u00e7as de vinil, couro, vestidos e com seu jeans preferido &#8211; \u00e9 claro. Um arraso!<\/p>\n<div style='text-align: center'><\/div>\n<p>* Entre em contato por WhatsApp para verificar a disponibilidade do produto. Ref.: C3000002500004<\/p>\n","protected":false},"excerpt":{"rendered":"<p>Estoque dispon\u00edvel nos tamanhos: 34, 35, 36, 37, 38, 39.<br \/><small>atualizado em 14\/03\/2023.<\/p>\n","protected":false},"featured_media":520,"template":"","meta":[],"product_cat":[31],"product_tag":[22,23,24,25,26,27],"_links":{"self":[{"href":"https:\/\/comprenowhats.com.br\/anacaprimacae\/wp-json\/wp\/v2\/product\/521"}],"collection":[{"href":"https:\/\/comprenowhats.com.br\/anacaprimacae\/wp-json\/wp\/v2\/product"}],"about":[{"href":"https:\/\/comprenowhats.com.br\/anacaprimacae\/wp-json\/wp\/v2\/types\/product"}],"wp:featuredmedia":[{"embeddable":true,"href":"https:\/\/comprenowhats.com.br\/anacaprimacae\/wp-json\/wp\/v2\/media\/520"}],"wp:attachment":[{"href":"https:\/\/comprenowhats.com.br\/anacaprimacae\/wp-json\/wp\/v2\/media?parent=521"}],"wp:term":[{"taxonomy":"product_cat","embeddable":true,"href":"https:\/\/comprenowhats.com.br\/anacaprimacae\/wp-json\/wp\/v2\/product_cat?post=521"},{"taxonomy":"product_tag","embeddable":true,"href":"https:\/\/comprenowhats.com.br\/anacaprimacae\/wp-json\/wp\/v2\/product_tag?post=521"}],"curies":[{"name":"wp","href":"https:\/\/api.w.org\/{rel}","templated":true}]}}