{"id":519,"date":"2020-07-30T15:26:32","date_gmt":"2020-07-30T18:26:32","guid":{"rendered":"https:\/\/comprenowhats.com.br\/anacaprimacae\/produto\/tenis-knit-amora-anacapri\/"},"modified":"2022-05-18T11:19:14","modified_gmt":"2022-05-18T14:19:14","slug":"tenis-knit-amora-anacapri","status":"publish","type":"product","link":"https:\/\/comprenowhats.com.br\/anacaprimacae\/produto\/tenis-knit-amora-anacapri\/","title":{"rendered":"T\u00eanis Knit Amora | Anacapri"},"content":{"rendered":"<p>O t\u00eanis com inspira\u00e7\u00e3o sporty veio para ficar! O acabamento em tricot faz do modelo um \u00edcone do conforto, al\u00e9m de torn\u00e1-lo muito leve. Combine com sua pe\u00e7as de vinil, couro, vestidos e com seu jeans preferido &#8211; \u00e9 claro. Um arraso!<\/p>\n<div style='text-align: center'><\/div>\n<p>* Entre em contato por WhatsApp para verificar a disponibilidade do produto. Ref.: C3000002500002<\/p>\n","protected":false},"excerpt":{"rendered":"<p>Estoque indispon\u00edvel.<br \/><small>atualizado em 18\/05\/2022.<\/p>\n","protected":false},"featured_media":518,"template":"","meta":[],"product_cat":[31],"product_tag":[22,23,24,26,27],"_links":{"self":[{"href":"https:\/\/comprenowhats.com.br\/anacaprimacae\/wp-json\/wp\/v2\/product\/519"}],"collection":[{"href":"https:\/\/comprenowhats.com.br\/anacaprimacae\/wp-json\/wp\/v2\/product"}],"about":[{"href":"https:\/\/comprenowhats.com.br\/anacaprimacae\/wp-json\/wp\/v2\/types\/product"}],"wp:featuredmedia":[{"embeddable":true,"href":"https:\/\/comprenowhats.com.br\/anacaprimacae\/wp-json\/wp\/v2\/media\/518"}],"wp:attachment":[{"href":"https:\/\/comprenowhats.com.br\/anacaprimacae\/wp-json\/wp\/v2\/media?parent=519"}],"wp:term":[{"taxonomy":"product_cat","embeddable":true,"href":"https:\/\/comprenowhats.com.br\/anacaprimacae\/wp-json\/wp\/v2\/product_cat?post=519"},{"taxonomy":"product_tag","embeddable":true,"href":"https:\/\/comprenowhats.com.br\/anacaprimacae\/wp-json\/wp\/v2\/product_tag?post=519"}],"curies":[{"name":"wp","href":"https:\/\/api.w.org\/{rel}","templated":true}]}}