{"id":515,"date":"2020-07-30T15:26:22","date_gmt":"2020-07-30T18:26:22","guid":{"rendered":"https:\/\/comprenowhats.com.br\/anacaprimacae\/produto\/tenis-malu-slip-on-vinho\/"},"modified":"2022-06-06T14:40:54","modified_gmt":"2022-06-06T17:40:54","slug":"tenis-malu-slip-on-vinho","status":"publish","type":"product","link":"https:\/\/comprenowhats.com.br\/anacaprimacae\/produto\/tenis-malu-slip-on-vinho\/","title":{"rendered":"T\u00eanis Malu Slip On Vinho"},"content":{"rendered":"<p>O t\u00eanis est\u00e1 mais forte que nunca no street style dessa temporada! O modelo slip on tem toque acamur\u00e7ado e detalhe em lacinho. Os mini furinhos no peito do p\u00e9 d\u00e3o aquele plus que deixa o modelo mais elaborado. Esportivo e fofo! Bora levar?<\/p>\n<div style='text-align: center'><img src='https:\/\/secure-static.anacapri.com.br\/medias\/sys_master\/anacapri\/anacapri\/h59\/h98\/h00\/h00\/9589850767390\/3000002210031U-05-BASEIMAGE-Midres.jpg' style='max-height: 400px' \/><img src='https:\/\/secure-static.anacapri.com.br\/medias\/sys_master\/anacapri\/anacapri\/h6f\/h90\/h00\/h00\/9589850439710\/3000002210031U-06-BASEIMAGE-Midres.jpg' style='max-height: 400px' \/><img src='https:\/\/secure-static.anacapri.com.br\/medias\/sys_master\/anacapri\/anacapri\/h6e\/h06\/h00\/h00\/9589850112030\/3000002210031U-07-BASEIMAGE-Midres.jpg' style='max-height: 400px' \/><\/div>\n<p>* Entre em contato por WhatsApp para verificar a disponibilidade do produto. Ref.: C3000002210031<\/p>\n","protected":false},"excerpt":{"rendered":"<p>Estoque dispon\u00edvel nos tamanhos: 34, 35, 36.<br \/><small>atualizado em 06\/06\/2022.<\/p>\n","protected":false},"featured_media":514,"template":"","meta":[],"product_cat":[31],"product_tag":[22,23,24],"_links":{"self":[{"href":"https:\/\/comprenowhats.com.br\/anacaprimacae\/wp-json\/wp\/v2\/product\/515"}],"collection":[{"href":"https:\/\/comprenowhats.com.br\/anacaprimacae\/wp-json\/wp\/v2\/product"}],"about":[{"href":"https:\/\/comprenowhats.com.br\/anacaprimacae\/wp-json\/wp\/v2\/types\/product"}],"wp:featuredmedia":[{"embeddable":true,"href":"https:\/\/comprenowhats.com.br\/anacaprimacae\/wp-json\/wp\/v2\/media\/514"}],"wp:attachment":[{"href":"https:\/\/comprenowhats.com.br\/anacaprimacae\/wp-json\/wp\/v2\/media?parent=515"}],"wp:term":[{"taxonomy":"product_cat","embeddable":true,"href":"https:\/\/comprenowhats.com.br\/anacaprimacae\/wp-json\/wp\/v2\/product_cat?post=515"},{"taxonomy":"product_tag","embeddable":true,"href":"https:\/\/comprenowhats.com.br\/anacaprimacae\/wp-json\/wp\/v2\/product_tag?post=515"}],"curies":[{"name":"wp","href":"https:\/\/api.w.org\/{rel}","templated":true}]}}