{"id":503,"date":"2020-07-30T15:24:56","date_gmt":"2020-07-30T18:24:56","guid":{"rendered":"https:\/\/comprenowhats.com.br\/anacaprimacae\/produto\/tenis-slip-on-ana-vinho-anacapri\/"},"modified":"2022-05-18T11:19:07","modified_gmt":"2022-05-18T14:19:07","slug":"tenis-slip-on-ana-vinho-anacapri","status":"publish","type":"product","link":"https:\/\/comprenowhats.com.br\/anacaprimacae\/produto\/tenis-slip-on-ana-vinho-anacapri\/","title":{"rendered":"T\u00eanis Slip On Ana Vinho | Anacapri"},"content":{"rendered":"<p>Em qualquer esta\u00e7\u00e3o a gente s\u00f3 quer ir pra rua, viver, respirar e aproveitar! O melhor companheiro pro seu look leve e divertido \u00e9 o slip on b\u00e1sico, o t\u00eanis mais amado de todas as temporadas. Pr\u00e1tico, estiloso e vers\u00e1til: vai com shortinho, cal\u00e7a e at\u00e9 saia. Da rua pra vida!<\/p>\n<div style='text-align: center'><\/div>\n<p>* Entre em contato por WhatsApp para verificar a disponibilidade do produto. Ref.: C3000000580045<\/p>\n","protected":false},"excerpt":{"rendered":"<p>Estoque indispon\u00edvel.<br \/><small>atualizado em 18\/05\/2022.<\/p>\n","protected":false},"featured_media":502,"template":"","meta":[],"product_cat":[31],"product_tag":[21,22,23,24,26,27],"_links":{"self":[{"href":"https:\/\/comprenowhats.com.br\/anacaprimacae\/wp-json\/wp\/v2\/product\/503"}],"collection":[{"href":"https:\/\/comprenowhats.com.br\/anacaprimacae\/wp-json\/wp\/v2\/product"}],"about":[{"href":"https:\/\/comprenowhats.com.br\/anacaprimacae\/wp-json\/wp\/v2\/types\/product"}],"wp:featuredmedia":[{"embeddable":true,"href":"https:\/\/comprenowhats.com.br\/anacaprimacae\/wp-json\/wp\/v2\/media\/502"}],"wp:attachment":[{"href":"https:\/\/comprenowhats.com.br\/anacaprimacae\/wp-json\/wp\/v2\/media?parent=503"}],"wp:term":[{"taxonomy":"product_cat","embeddable":true,"href":"https:\/\/comprenowhats.com.br\/anacaprimacae\/wp-json\/wp\/v2\/product_cat?post=503"},{"taxonomy":"product_tag","embeddable":true,"href":"https:\/\/comprenowhats.com.br\/anacaprimacae\/wp-json\/wp\/v2\/product_tag?post=503"}],"curies":[{"name":"wp","href":"https:\/\/api.w.org\/{rel}","templated":true}]}}