{"id":501,"date":"2020-07-30T15:24:48","date_gmt":"2020-07-30T18:24:48","guid":{"rendered":"https:\/\/comprenowhats.com.br\/anacaprimacae\/produto\/tenis-slip-on-acamurcado-paprica\/"},"modified":"2022-05-18T11:19:07","modified_gmt":"2022-05-18T14:19:07","slug":"tenis-slip-on-acamurcado-paprica","status":"publish","type":"product","link":"https:\/\/comprenowhats.com.br\/anacaprimacae\/produto\/tenis-slip-on-acamurcado-paprica\/","title":{"rendered":"T\u00eanis Slip On Acamur\u00e7ado P\u00e1prica"},"content":{"rendered":"<p>O t\u00eanis slip on e estampa vazada com recorte a laser vem com o selo ?descomplique-se? e a garantia vital\u00edcia de bons looks. Ideal para compor produ\u00e7\u00f5es do-escrit\u00f3rio-pra-balada, o revestimento em suede adiciona textura e delicadeza a esse companheiro fiel e indispens\u00e1vel no guarda-roupa da mulher contempor\u00e2nea. Vai deixar essa passar?<\/p>\n<div style='text-align: center'><img src='https:\/\/secure-static.anacapri.com.br\/medias\/sys_master\/anacapri\/anacapri\/hbc\/he4\/h00\/h00\/9589885239326\/3000000580043U-05-BASEIMAGE-Midres.jpg' style='max-height: 400px' \/><img src='https:\/\/secure-static.anacapri.com.br\/medias\/sys_master\/anacapri\/anacapri\/h6d\/h3d\/h00\/h00\/9589884911646\/3000000580043U-06-BASEIMAGE-Midres.jpg' style='max-height: 400px' \/><img src='https:\/\/secure-static.anacapri.com.br\/medias\/sys_master\/anacapri\/anacapri\/h3d\/he0\/h00\/h00\/9589884583966\/3000000580043U-07-BASEIMAGE-Midres.jpg' style='max-height: 400px' \/><\/div>\n<p>* Entre em contato por WhatsApp para verificar a disponibilidade do produto. Ref.: C3000000580043<\/p>\n","protected":false},"excerpt":{"rendered":"<p>Estoque indispon\u00edvel.<br \/><small>atualizado em 18\/05\/2022.<\/p>\n","protected":false},"featured_media":500,"template":"","meta":[],"product_cat":[31],"product_tag":[21,22,23,24,26,27],"_links":{"self":[{"href":"https:\/\/comprenowhats.com.br\/anacaprimacae\/wp-json\/wp\/v2\/product\/501"}],"collection":[{"href":"https:\/\/comprenowhats.com.br\/anacaprimacae\/wp-json\/wp\/v2\/product"}],"about":[{"href":"https:\/\/comprenowhats.com.br\/anacaprimacae\/wp-json\/wp\/v2\/types\/product"}],"wp:featuredmedia":[{"embeddable":true,"href":"https:\/\/comprenowhats.com.br\/anacaprimacae\/wp-json\/wp\/v2\/media\/500"}],"wp:attachment":[{"href":"https:\/\/comprenowhats.com.br\/anacaprimacae\/wp-json\/wp\/v2\/media?parent=501"}],"wp:term":[{"taxonomy":"product_cat","embeddable":true,"href":"https:\/\/comprenowhats.com.br\/anacaprimacae\/wp-json\/wp\/v2\/product_cat?post=501"},{"taxonomy":"product_tag","embeddable":true,"href":"https:\/\/comprenowhats.com.br\/anacaprimacae\/wp-json\/wp\/v2\/product_tag?post=501"}],"curies":[{"name":"wp","href":"https:\/\/api.w.org\/{rel}","templated":true}]}}