{"id":491,"date":"2020-07-30T15:24:05","date_gmt":"2020-07-30T18:24:05","guid":{"rendered":"https:\/\/comprenowhats.com.br\/anacaprimacae\/produto\/sandalia-tiras-veludo-rosa-anacapri\/"},"modified":"2022-05-18T11:19:08","modified_gmt":"2022-05-18T14:19:08","slug":"sandalia-tiras-veludo-rosa-anacapri","status":"publish","type":"product","link":"https:\/\/comprenowhats.com.br\/anacaprimacae\/produto\/sandalia-tiras-veludo-rosa-anacapri\/","title":{"rendered":"Sand\u00e1lia Tiras Veludo Rosa | Anacapri"},"content":{"rendered":"<p>?Delicada e perfeitinha? seria a bio do Insta dessa rasteirinha FOFA! Com tiras fininhas em veludo que abra\u00e7am todo o p\u00e9, esse modelo inspira produ\u00e7\u00f5es super rom\u00e2nticas e girlie com aquela pegada vintagezinha que a gente ama. O fechamento com la\u00e7o no tornozelo adiciona mais um elemento de meiguice a produ\u00e7\u00e3o! Vai com vestidos fluidos, saias estampadas, alfaiataria e, \u00e9 claro, com o nosso combo preferido jeans+camiseta. Um xod\u00f3! Nesse modelo aconselhamos a compra de um tamanho maior do que sua numera\u00e7\u00e3o convencional.<\/p>\n<div style='text-align: center'><\/div>\n<p>* Entre em contato por WhatsApp para verificar a disponibilidade do produto. Ref.: C0029504810005<\/p>\n","protected":false},"excerpt":{"rendered":"<p>Estoque indispon\u00edvel.<br \/><small>atualizado em 18\/05\/2022.<\/p>\n","protected":false},"featured_media":490,"template":"","meta":[],"product_cat":[29],"product_tag":[22,25,26,27,28],"_links":{"self":[{"href":"https:\/\/comprenowhats.com.br\/anacaprimacae\/wp-json\/wp\/v2\/product\/491"}],"collection":[{"href":"https:\/\/comprenowhats.com.br\/anacaprimacae\/wp-json\/wp\/v2\/product"}],"about":[{"href":"https:\/\/comprenowhats.com.br\/anacaprimacae\/wp-json\/wp\/v2\/types\/product"}],"wp:featuredmedia":[{"embeddable":true,"href":"https:\/\/comprenowhats.com.br\/anacaprimacae\/wp-json\/wp\/v2\/media\/490"}],"wp:attachment":[{"href":"https:\/\/comprenowhats.com.br\/anacaprimacae\/wp-json\/wp\/v2\/media?parent=491"}],"wp:term":[{"taxonomy":"product_cat","embeddable":true,"href":"https:\/\/comprenowhats.com.br\/anacaprimacae\/wp-json\/wp\/v2\/product_cat?post=491"},{"taxonomy":"product_tag","embeddable":true,"href":"https:\/\/comprenowhats.com.br\/anacaprimacae\/wp-json\/wp\/v2\/product_tag?post=491"}],"curies":[{"name":"wp","href":"https:\/\/api.w.org\/{rel}","templated":true}]}}