{"id":489,"date":"2020-07-30T15:24:02","date_gmt":"2020-07-30T18:24:02","guid":{"rendered":"https:\/\/comprenowhats.com.br\/anacaprimacae\/produto\/sandalia-nos-nautica-anacapri\/"},"modified":"2022-05-18T11:45:30","modified_gmt":"2022-05-18T14:45:30","slug":"sandalia-nos-nautica-anacapri","status":"publish","type":"product","link":"https:\/\/comprenowhats.com.br\/anacaprimacae\/produto\/sandalia-nos-nautica-anacapri\/","title":{"rendered":"Sand\u00e1lia N\u00f3s N\u00e1utica | Anacapri"},"content":{"rendered":"<p>Boho &amp; chic! Com tiras finas de tr\u00eas cores que formam um shape super moderno com as amarra\u00e7\u00f5es no peito do p\u00e9, essa flat promete uma sucess\u00e3o de looks fashionistas! O el\u00e1stico no calcanhar proporciona muito mais conforto e facilita na hora de cal\u00e7ar. Com cores perfeitas para combinar com jeans e tons b\u00e1sicos, o modelo \u00e9 ideal para usar ser combinado com saias fluidas, pantacourts e at\u00e9 macac\u00f5es. A gente aposta que voc\u00ea nunca mais vai querer usar outra flat! Nesse modelo aconselhamos a compra de um tamanho maior do que sua numera\u00e7\u00e3o convencional.<\/p>\n<div style='text-align: center'><\/div>\n<p>* Entre em contato por WhatsApp para verificar a disponibilidade do produto. Ref.: C0029500390026<\/p>\n","protected":false},"excerpt":{"rendered":"<p>Estoque indispon\u00edvel.<br \/><small>atualizado em 18\/05\/2022.<\/p>\n","protected":false},"featured_media":488,"template":"","meta":[],"product_cat":[29],"product_tag":[26],"_links":{"self":[{"href":"https:\/\/comprenowhats.com.br\/anacaprimacae\/wp-json\/wp\/v2\/product\/489"}],"collection":[{"href":"https:\/\/comprenowhats.com.br\/anacaprimacae\/wp-json\/wp\/v2\/product"}],"about":[{"href":"https:\/\/comprenowhats.com.br\/anacaprimacae\/wp-json\/wp\/v2\/types\/product"}],"wp:featuredmedia":[{"embeddable":true,"href":"https:\/\/comprenowhats.com.br\/anacaprimacae\/wp-json\/wp\/v2\/media\/488"}],"wp:attachment":[{"href":"https:\/\/comprenowhats.com.br\/anacaprimacae\/wp-json\/wp\/v2\/media?parent=489"}],"wp:term":[{"taxonomy":"product_cat","embeddable":true,"href":"https:\/\/comprenowhats.com.br\/anacaprimacae\/wp-json\/wp\/v2\/product_cat?post=489"},{"taxonomy":"product_tag","embeddable":true,"href":"https:\/\/comprenowhats.com.br\/anacaprimacae\/wp-json\/wp\/v2\/product_tag?post=489"}],"curies":[{"name":"wp","href":"https:\/\/api.w.org\/{rel}","templated":true}]}}