{"id":487,"date":"2020-07-30T15:23:54","date_gmt":"2020-07-30T18:23:54","guid":{"rendered":"https:\/\/comprenowhats.com.br\/anacaprimacae\/produto\/sandalia-corrente-paprica\/"},"modified":"2022-05-18T11:19:10","modified_gmt":"2022-05-18T14:19:10","slug":"sandalia-corrente-paprica","status":"publish","type":"product","link":"https:\/\/comprenowhats.com.br\/anacaprimacae\/produto\/sandalia-corrente-paprica\/","title":{"rendered":"Sand\u00e1lia Corrente P\u00e1prica"},"content":{"rendered":"<p>Hit em todas as temporadas, a sand\u00e1lia de tiras finas ficou ainda mais moderna com a aplica\u00e7\u00e3o de corrente no peito do p\u00e9, fazendo do modelo um hino monocrom\u00e1tico. Super delicada, a pe\u00e7a tem fechamento em fivela na lateral \u00e9 o modelo perfeito para aqueles dias que a gente quer sentir como se n\u00e3o estivesse usando cal\u00e7ado nenhum. Sucesso, n\u00e9 amores?<\/p>\n<div style='text-align: center'><img src='https:\/\/secure-static.anacapri.com.br\/medias\/sys_master\/anacapri\/anacapri\/hea\/hde\/h00\/h00\/9589797519390\/0029401670009U-04-BASEIMAGE-Midres.jpg' style='max-height: 400px' \/><img src='https:\/\/secure-static.anacapri.com.br\/medias\/sys_master\/anacapri\/anacapri\/h1d\/h2f\/h00\/h00\/9589797191710\/0029401670009U-05-BASEIMAGE-Midres.jpg' style='max-height: 400px' \/><img src='https:\/\/secure-static.anacapri.com.br\/medias\/sys_master\/anacapri\/anacapri\/h05\/h1b\/h00\/h00\/9589796864030\/0029401670009U-06-BASEIMAGE-Midres.jpg' style='max-height: 400px' \/><\/div>\n<p>* Entre em contato por WhatsApp para verificar a disponibilidade do produto. Ref.: C0029401670009<\/p>\n","protected":false},"excerpt":{"rendered":"<p>Estoque indispon\u00edvel.<br \/><small>atualizado em 18\/05\/2022.<\/p>\n","protected":false},"featured_media":486,"template":"","meta":[],"product_cat":[29],"product_tag":[22,25,26,27,28],"_links":{"self":[{"href":"https:\/\/comprenowhats.com.br\/anacaprimacae\/wp-json\/wp\/v2\/product\/487"}],"collection":[{"href":"https:\/\/comprenowhats.com.br\/anacaprimacae\/wp-json\/wp\/v2\/product"}],"about":[{"href":"https:\/\/comprenowhats.com.br\/anacaprimacae\/wp-json\/wp\/v2\/types\/product"}],"wp:featuredmedia":[{"embeddable":true,"href":"https:\/\/comprenowhats.com.br\/anacaprimacae\/wp-json\/wp\/v2\/media\/486"}],"wp:attachment":[{"href":"https:\/\/comprenowhats.com.br\/anacaprimacae\/wp-json\/wp\/v2\/media?parent=487"}],"wp:term":[{"taxonomy":"product_cat","embeddable":true,"href":"https:\/\/comprenowhats.com.br\/anacaprimacae\/wp-json\/wp\/v2\/product_cat?post=487"},{"taxonomy":"product_tag","embeddable":true,"href":"https:\/\/comprenowhats.com.br\/anacaprimacae\/wp-json\/wp\/v2\/product_tag?post=487"}],"curies":[{"name":"wp","href":"https:\/\/api.w.org\/{rel}","templated":true}]}}