{"id":485,"date":"2020-07-30T15:23:53","date_gmt":"2020-07-30T18:23:53","guid":{"rendered":"https:\/\/comprenowhats.com.br\/anacaprimacae\/produto\/sandalia-corrente-resina-damasco-anacapri\/"},"modified":"2022-05-18T11:19:10","modified_gmt":"2022-05-18T14:19:10","slug":"sandalia-corrente-resina-damasco-anacapri","status":"publish","type":"product","link":"https:\/\/comprenowhats.com.br\/anacaprimacae\/produto\/sandalia-corrente-resina-damasco-anacapri\/","title":{"rendered":"Sand\u00e1lia Corrente Resina Damasco | Anacapri"},"content":{"rendered":"<p>O sol e o ventinho de ver\u00e3o combinam com a sand\u00e1lia rasteira em modelo ?T? e com elas, qualquer dos seus looks. O tom nude \u00e9 vers\u00e1til e a corrente aplicada na frente, sobre o p\u00e9, traz um aroma urbano. V\u00e1 de contrastes e acerte sempre! Nesse modelo aconselhamos a compra de um tamanho maior do que sua numera\u00e7\u00e3o convencional.<\/p>\n<div style='text-align: center'><\/div>\n<p>* Entre em contato por WhatsApp para verificar a disponibilidade do produto. Ref.: C0029401670004<\/p>\n","protected":false},"excerpt":{"rendered":"<p>Estoque indispon\u00edvel.<br \/><small>atualizado em 18\/05\/2022.<\/p>\n","protected":false},"featured_media":484,"template":"","meta":[],"product_cat":[29],"product_tag":[22,25,26,27,28],"_links":{"self":[{"href":"https:\/\/comprenowhats.com.br\/anacaprimacae\/wp-json\/wp\/v2\/product\/485"}],"collection":[{"href":"https:\/\/comprenowhats.com.br\/anacaprimacae\/wp-json\/wp\/v2\/product"}],"about":[{"href":"https:\/\/comprenowhats.com.br\/anacaprimacae\/wp-json\/wp\/v2\/types\/product"}],"wp:featuredmedia":[{"embeddable":true,"href":"https:\/\/comprenowhats.com.br\/anacaprimacae\/wp-json\/wp\/v2\/media\/484"}],"wp:attachment":[{"href":"https:\/\/comprenowhats.com.br\/anacaprimacae\/wp-json\/wp\/v2\/media?parent=485"}],"wp:term":[{"taxonomy":"product_cat","embeddable":true,"href":"https:\/\/comprenowhats.com.br\/anacaprimacae\/wp-json\/wp\/v2\/product_cat?post=485"},{"taxonomy":"product_tag","embeddable":true,"href":"https:\/\/comprenowhats.com.br\/anacaprimacae\/wp-json\/wp\/v2\/product_tag?post=485"}],"curies":[{"name":"wp","href":"https:\/\/api.w.org\/{rel}","templated":true}]}}