{"id":483,"date":"2020-07-30T15:23:50","date_gmt":"2020-07-30T18:23:50","guid":{"rendered":"https:\/\/comprenowhats.com.br\/anacaprimacae\/produto\/sandalia-corrente-preta\/"},"modified":"2022-05-18T11:19:10","modified_gmt":"2022-05-18T14:19:10","slug":"sandalia-corrente-preta","status":"publish","type":"product","link":"https:\/\/comprenowhats.com.br\/anacaprimacae\/produto\/sandalia-corrente-preta\/","title":{"rendered":"Sand\u00e1lia Corrente Preta"},"content":{"rendered":"<p>Hit em todas as temporadas, a sand\u00e1lia de tiras finas ficou ainda mais moderna com a aplica\u00e7\u00e3o de corrente no peito do p\u00e9, fazendo do modelo um hino monocrom\u00e1tico. Super delicada, a pe\u00e7a tem fechamento em fivela na lateral \u00e9 o modelo perfeito para aqueles dias que a gente quer sentir como se n\u00e3o estivesse usando cal\u00e7ado nenhum. Sucesso, n\u00e9 amores?<\/p>\n<div style='text-align: center'><img src='https:\/\/secure-static.anacapri.com.br\/medias\/sys_master\/anacapri\/anacapri\/h88\/hbb\/h00\/h00\/9589799649310\/0029401670006U-04-BASEIMAGE-Midres.jpg' style='max-height: 400px' \/><img src='https:\/\/secure-static.anacapri.com.br\/medias\/sys_master\/anacapri\/anacapri\/h1c\/h89\/h00\/h00\/9589799321630\/0029401670006U-05-BASEIMAGE-Midres.jpg' style='max-height: 400px' \/><img src='https:\/\/secure-static.anacapri.com.br\/medias\/sys_master\/anacapri\/anacapri\/h07\/hc0\/h00\/h00\/9589798993950\/0029401670006U-06-BASEIMAGE-Midres.jpg' style='max-height: 400px' \/><\/div>\n<p>* Entre em contato por WhatsApp para verificar a disponibilidade do produto. Ref.: C0029401670006<\/p>\n","protected":false},"excerpt":{"rendered":"<p>Estoque indispon\u00edvel.<br \/><small>atualizado em 18\/05\/2022.<\/p>\n","protected":false},"featured_media":482,"template":"","meta":[],"product_cat":[29],"product_tag":[22,25,26,27,28],"_links":{"self":[{"href":"https:\/\/comprenowhats.com.br\/anacaprimacae\/wp-json\/wp\/v2\/product\/483"}],"collection":[{"href":"https:\/\/comprenowhats.com.br\/anacaprimacae\/wp-json\/wp\/v2\/product"}],"about":[{"href":"https:\/\/comprenowhats.com.br\/anacaprimacae\/wp-json\/wp\/v2\/types\/product"}],"wp:featuredmedia":[{"embeddable":true,"href":"https:\/\/comprenowhats.com.br\/anacaprimacae\/wp-json\/wp\/v2\/media\/482"}],"wp:attachment":[{"href":"https:\/\/comprenowhats.com.br\/anacaprimacae\/wp-json\/wp\/v2\/media?parent=483"}],"wp:term":[{"taxonomy":"product_cat","embeddable":true,"href":"https:\/\/comprenowhats.com.br\/anacaprimacae\/wp-json\/wp\/v2\/product_cat?post=483"},{"taxonomy":"product_tag","embeddable":true,"href":"https:\/\/comprenowhats.com.br\/anacaprimacae\/wp-json\/wp\/v2\/product_tag?post=483"}],"curies":[{"name":"wp","href":"https:\/\/api.w.org\/{rel}","templated":true}]}}