{"id":466,"date":"2020-07-30T15:09:00","date_gmt":"2020-07-30T18:09:00","guid":{"rendered":"https:\/\/comprenowhats.com.br\/anacaprimacae\/produto\/crossbody-nude-firenze-anacapri\/"},"modified":"2022-05-18T11:33:51","modified_gmt":"2022-05-18T14:33:51","slug":"crossbody-nude-firenze-anacapri","status":"publish","type":"product","link":"https:\/\/comprenowhats.com.br\/anacaprimacae\/produto\/crossbody-nude-firenze-anacapri\/","title":{"rendered":"Crossbody Nude Firenze | Anacapri"},"content":{"rendered":"<p>O que \u00e9 que as mulheres tem? Segredos que cabem em qualquer bolsa! E as neutras, pr\u00e1ticas e b\u00e1sicas levam com elas ainda mais segredo, n\u00e9? Porque ser estilosa n\u00e3o tem mist\u00e9rio, s\u00f3 atitude e descontra\u00e7\u00e3o!<\/p>\n<div style='text-align: center'><\/div>\n<p>* Entre em contato por WhatsApp para verificar a disponibilidade do produto. Ref.: C5001200010024<\/p>\n","protected":false},"excerpt":{"rendered":"<p>Estoque indispon\u00edvel.<br \/><small>atualizado em 18\/05\/2022.<\/p>\n","protected":false},"featured_media":465,"template":"","meta":[],"product_cat":[32],"product_tag":[36],"_links":{"self":[{"href":"https:\/\/comprenowhats.com.br\/anacaprimacae\/wp-json\/wp\/v2\/product\/466"}],"collection":[{"href":"https:\/\/comprenowhats.com.br\/anacaprimacae\/wp-json\/wp\/v2\/product"}],"about":[{"href":"https:\/\/comprenowhats.com.br\/anacaprimacae\/wp-json\/wp\/v2\/types\/product"}],"wp:featuredmedia":[{"embeddable":true,"href":"https:\/\/comprenowhats.com.br\/anacaprimacae\/wp-json\/wp\/v2\/media\/465"}],"wp:attachment":[{"href":"https:\/\/comprenowhats.com.br\/anacaprimacae\/wp-json\/wp\/v2\/media?parent=466"}],"wp:term":[{"taxonomy":"product_cat","embeddable":true,"href":"https:\/\/comprenowhats.com.br\/anacaprimacae\/wp-json\/wp\/v2\/product_cat?post=466"},{"taxonomy":"product_tag","embeddable":true,"href":"https:\/\/comprenowhats.com.br\/anacaprimacae\/wp-json\/wp\/v2\/product_tag?post=466"}],"curies":[{"name":"wp","href":"https:\/\/api.w.org\/{rel}","templated":true}]}}