{"id":458,"date":"2020-07-30T15:08:34","date_gmt":"2020-07-30T18:08:34","guid":{"rendered":"https:\/\/comprenowhats.com.br\/anacaprimacae\/produto\/tenis-blush-paula-anacapri\/"},"modified":"2023-03-14T16:27:24","modified_gmt":"2023-03-14T19:27:24","slug":"tenis-blush-paula-anacapri","status":"publish","type":"product","link":"https:\/\/comprenowhats.com.br\/anacaprimacae\/produto\/tenis-blush-paula-anacapri\/","title":{"rendered":"T\u00eanis Blush Paula | Anacapri"},"content":{"rendered":"<p>Aten\u00e7\u00e3o para esse comunicado urgente: o amor verdadeiro de toda mulher \u00e9 o t\u00eanis! E quem mais seria, n\u00e9 amores? Misturando o visual masculino com a delicadeza, o Paula \u00e9 perfeito para te acompanhar naquele passeio maravilhoso do final de semana. Vai com tudo que \u00e9 look! Aposte e nunca erre!<\/p>\n<div style='text-align: center'><\/div>\n<p>* Entre em contato por WhatsApp para verificar a disponibilidade do produto. Ref.: C3013300010003<\/p>\n","protected":false},"excerpt":{"rendered":"<p>Estoque dispon\u00edvel no tamanho: 33.<br \/><small>atualizado em 14\/03\/2023.<\/p>\n","protected":false},"featured_media":457,"template":"","meta":[],"product_cat":[31],"product_tag":[21],"_links":{"self":[{"href":"https:\/\/comprenowhats.com.br\/anacaprimacae\/wp-json\/wp\/v2\/product\/458"}],"collection":[{"href":"https:\/\/comprenowhats.com.br\/anacaprimacae\/wp-json\/wp\/v2\/product"}],"about":[{"href":"https:\/\/comprenowhats.com.br\/anacaprimacae\/wp-json\/wp\/v2\/types\/product"}],"wp:featuredmedia":[{"embeddable":true,"href":"https:\/\/comprenowhats.com.br\/anacaprimacae\/wp-json\/wp\/v2\/media\/457"}],"wp:attachment":[{"href":"https:\/\/comprenowhats.com.br\/anacaprimacae\/wp-json\/wp\/v2\/media?parent=458"}],"wp:term":[{"taxonomy":"product_cat","embeddable":true,"href":"https:\/\/comprenowhats.com.br\/anacaprimacae\/wp-json\/wp\/v2\/product_cat?post=458"},{"taxonomy":"product_tag","embeddable":true,"href":"https:\/\/comprenowhats.com.br\/anacaprimacae\/wp-json\/wp\/v2\/product_tag?post=458"}],"curies":[{"name":"wp","href":"https:\/\/api.w.org\/{rel}","templated":true}]}}