{"id":452,"date":"2020-07-30T15:08:12","date_gmt":"2020-07-30T18:08:12","guid":{"rendered":"https:\/\/comprenowhats.com.br\/anacaprimacae\/produto\/sapatilha-preta-slingback-essenciais-anacapri\/"},"modified":"2022-05-18T11:33:27","modified_gmt":"2022-05-18T14:33:27","slug":"sapatilha-preta-slingback-essenciais-anacapri","status":"publish","type":"product","link":"https:\/\/comprenowhats.com.br\/anacaprimacae\/produto\/sapatilha-preta-slingback-essenciais-anacapri\/","title":{"rendered":"Sapatilha Preta Slingback Essenciais | Anacapri"},"content":{"rendered":"<p>Tr\u00e8s chic! Com bico fino, calcanhar a mostra e el\u00e1stico, essa sapatilha \u00e9 a dona do cora\u00e7\u00e3o das francesinhas &#8211; e vai ganhar o seu tamb\u00e9m! Ideal para combinar com alfaiataria, brincar com produ\u00e7\u00f5es com um qu\u00ea masculino e tonar ainda mais delicados os looks femininos. Pronta para desfilar por a\u00ed como uma verdadeira parisiense? Se joga!<\/p>\n<div style='text-align: center'><\/div>\n<p>* Entre em contato por WhatsApp para verificar a disponibilidade do produto. Ref.: C3002901820006<\/p>\n","protected":false},"excerpt":{"rendered":"<p>Estoque indispon\u00edvel.<br \/><small>atualizado em 18\/05\/2022.<\/p>\n","protected":false},"featured_media":451,"template":"","meta":[],"product_cat":[20],"product_tag":[22],"_links":{"self":[{"href":"https:\/\/comprenowhats.com.br\/anacaprimacae\/wp-json\/wp\/v2\/product\/452"}],"collection":[{"href":"https:\/\/comprenowhats.com.br\/anacaprimacae\/wp-json\/wp\/v2\/product"}],"about":[{"href":"https:\/\/comprenowhats.com.br\/anacaprimacae\/wp-json\/wp\/v2\/types\/product"}],"wp:featuredmedia":[{"embeddable":true,"href":"https:\/\/comprenowhats.com.br\/anacaprimacae\/wp-json\/wp\/v2\/media\/451"}],"wp:attachment":[{"href":"https:\/\/comprenowhats.com.br\/anacaprimacae\/wp-json\/wp\/v2\/media?parent=452"}],"wp:term":[{"taxonomy":"product_cat","embeddable":true,"href":"https:\/\/comprenowhats.com.br\/anacaprimacae\/wp-json\/wp\/v2\/product_cat?post=452"},{"taxonomy":"product_tag","embeddable":true,"href":"https:\/\/comprenowhats.com.br\/anacaprimacae\/wp-json\/wp\/v2\/product_tag?post=452"}],"curies":[{"name":"wp","href":"https:\/\/api.w.org\/{rel}","templated":true}]}}