{"id":450,"date":"2020-07-30T15:08:10","date_gmt":"2020-07-30T18:08:10","guid":{"rendered":"https:\/\/comprenowhats.com.br\/anacaprimacae\/produto\/sapatilha-animal-print-slingback-anacapri\/"},"modified":"2022-11-08T10:24:30","modified_gmt":"2022-11-08T13:24:30","slug":"sapatilha-animal-print-slingback-anacapri","status":"publish","type":"product","link":"https:\/\/comprenowhats.com.br\/anacaprimacae\/produto\/sapatilha-animal-print-slingback-anacapri\/","title":{"rendered":"Sapatilha Animal Print Slingback | Anacapri"},"content":{"rendered":"<p>O must have definitivo na vida das descomplicadas que n\u00e3o abrem m\u00e3o de um bom item fashionista! A sapatilha com calcanhar a mostra e cava profunda no peito do p\u00e9 ficou ainda mais irresist\u00edvel com a estampa de on\u00e7a. Tem como n\u00e3o amar? Transforme sua produ\u00e7\u00e3o b\u00e1sica em um look de street style em 3, 2, 1! Vai deixar essa passar?<\/p>\n<div style='text-align: center'><\/div>\n<p>* Entre em contato por WhatsApp para verificar a disponibilidade do produto. Ref.: C3002901770001<\/p>\n","protected":false},"excerpt":{"rendered":"<p>Estoque dispon\u00edvel no tamanho: 36.<br \/><small>atualizado em 08\/11\/2022.<\/p>\n","protected":false},"featured_media":449,"template":"","meta":[],"product_cat":[20],"product_tag":[24],"_links":{"self":[{"href":"https:\/\/comprenowhats.com.br\/anacaprimacae\/wp-json\/wp\/v2\/product\/450"}],"collection":[{"href":"https:\/\/comprenowhats.com.br\/anacaprimacae\/wp-json\/wp\/v2\/product"}],"about":[{"href":"https:\/\/comprenowhats.com.br\/anacaprimacae\/wp-json\/wp\/v2\/types\/product"}],"wp:featuredmedia":[{"embeddable":true,"href":"https:\/\/comprenowhats.com.br\/anacaprimacae\/wp-json\/wp\/v2\/media\/449"}],"wp:attachment":[{"href":"https:\/\/comprenowhats.com.br\/anacaprimacae\/wp-json\/wp\/v2\/media?parent=450"}],"wp:term":[{"taxonomy":"product_cat","embeddable":true,"href":"https:\/\/comprenowhats.com.br\/anacaprimacae\/wp-json\/wp\/v2\/product_cat?post=450"},{"taxonomy":"product_tag","embeddable":true,"href":"https:\/\/comprenowhats.com.br\/anacaprimacae\/wp-json\/wp\/v2\/product_tag?post=450"}],"curies":[{"name":"wp","href":"https:\/\/api.w.org\/{rel}","templated":true}]}}