{"id":448,"date":"2020-07-30T15:08:06","date_gmt":"2020-07-30T18:08:06","guid":{"rendered":"https:\/\/comprenowhats.com.br\/anacaprimacae\/produto\/tenis-slip-on-acamurcado-preto\/"},"modified":"2022-05-18T11:09:48","modified_gmt":"2022-05-18T14:09:48","slug":"tenis-slip-on-acamurcado-preto","status":"publish","type":"product","link":"https:\/\/comprenowhats.com.br\/anacaprimacae\/produto\/tenis-slip-on-acamurcado-preto\/","title":{"rendered":"T\u00eanis Slip On Acamur\u00e7ado Preto"},"content":{"rendered":"<p>O t\u00eanis slip on \u00e9 um manifesto por dias de mais praticidade, versatilidade, conforto e muito fashionismo! Revestido com suede, esse modelo tem um relacionamento s\u00e9rio com a gente, mas no closet ele \u00e9 de todo mundo &#8211; combina com TUDO! Vai perder essa?<\/p>\n<p><\/p>\n<div style='text-align: center'><img src='https:\/\/secure-static.anacapri.com.br\/medias\/sys_master\/anacapri\/anacapri\/h60\/h35\/h00\/h00\/9291875024926\/3002200890001U-04-BASEIMAGE-Midres.jpg' style='max-height: 400px' \/><img src='https:\/\/secure-static.anacapri.com.br\/medias\/sys_master\/anacapri\/anacapri\/h4e\/h2d\/h00\/h00\/9291874041886\/3002200890001U-05-BASEIMAGE-Midres.jpg' style='max-height: 400px' \/><\/div>\n<p>* Entre em contato por WhatsApp para verificar a disponibilidade do produto. Ref.: C3002200890001<\/p>\n","protected":false},"excerpt":{"rendered":"<p>Estoque indispon\u00edvel.<br \/><small>atualizado em 18\/05\/2022.<\/p>\n","protected":false},"featured_media":447,"template":"","meta":[],"product_cat":[31],"product_tag":[21,22,23,25,28],"_links":{"self":[{"href":"https:\/\/comprenowhats.com.br\/anacaprimacae\/wp-json\/wp\/v2\/product\/448"}],"collection":[{"href":"https:\/\/comprenowhats.com.br\/anacaprimacae\/wp-json\/wp\/v2\/product"}],"about":[{"href":"https:\/\/comprenowhats.com.br\/anacaprimacae\/wp-json\/wp\/v2\/types\/product"}],"wp:featuredmedia":[{"embeddable":true,"href":"https:\/\/comprenowhats.com.br\/anacaprimacae\/wp-json\/wp\/v2\/media\/447"}],"wp:attachment":[{"href":"https:\/\/comprenowhats.com.br\/anacaprimacae\/wp-json\/wp\/v2\/media?parent=448"}],"wp:term":[{"taxonomy":"product_cat","embeddable":true,"href":"https:\/\/comprenowhats.com.br\/anacaprimacae\/wp-json\/wp\/v2\/product_cat?post=448"},{"taxonomy":"product_tag","embeddable":true,"href":"https:\/\/comprenowhats.com.br\/anacaprimacae\/wp-json\/wp\/v2\/product_tag?post=448"}],"curies":[{"name":"wp","href":"https:\/\/api.w.org\/{rel}","templated":true}]}}