{"id":420,"date":"2020-07-30T15:05:55","date_gmt":"2020-07-30T18:05:55","guid":{"rendered":"https:\/\/comprenowhats.com.br\/anacaprimacae\/produto\/tenis-prata-velho-slip-on-glam-anacapri\/"},"modified":"2022-11-08T10:54:55","modified_gmt":"2022-11-08T13:54:55","slug":"tenis-prata-velho-slip-on-glam-anacapri","status":"publish","type":"product","link":"https:\/\/comprenowhats.com.br\/anacaprimacae\/produto\/tenis-prata-velho-slip-on-glam-anacapri\/","title":{"rendered":"T\u00eanis Prata Velho Slip On Glam | Anacapri"},"content":{"rendered":"<p>Leveza com estilo, modernidade e eleg\u00e2ncia descontra\u00edda: a cara da esta\u00e7\u00e3o! Com textura e cor diferente na ponta, a pe\u00e7a funciona tanto com looks casuais at\u00e9 combina\u00e7\u00f5es mais minimalistas.<\/p>\n<div style='text-align: center'><\/div>\n<p>* Entre em contato por WhatsApp para verificar a disponibilidade do produto. Ref.: C3000001060004<\/p>\n","protected":false},"excerpt":{"rendered":"<p>Estoque dispon\u00edvel nos tamanhos: 34, 37, 38.<br \/><small>atualizado em 08\/11\/2022.<\/p>\n","protected":false},"featured_media":419,"template":"","meta":[],"product_cat":[31],"product_tag":[22,25,26],"_links":{"self":[{"href":"https:\/\/comprenowhats.com.br\/anacaprimacae\/wp-json\/wp\/v2\/product\/420"}],"collection":[{"href":"https:\/\/comprenowhats.com.br\/anacaprimacae\/wp-json\/wp\/v2\/product"}],"about":[{"href":"https:\/\/comprenowhats.com.br\/anacaprimacae\/wp-json\/wp\/v2\/types\/product"}],"wp:featuredmedia":[{"embeddable":true,"href":"https:\/\/comprenowhats.com.br\/anacaprimacae\/wp-json\/wp\/v2\/media\/419"}],"wp:attachment":[{"href":"https:\/\/comprenowhats.com.br\/anacaprimacae\/wp-json\/wp\/v2\/media?parent=420"}],"wp:term":[{"taxonomy":"product_cat","embeddable":true,"href":"https:\/\/comprenowhats.com.br\/anacaprimacae\/wp-json\/wp\/v2\/product_cat?post=420"},{"taxonomy":"product_tag","embeddable":true,"href":"https:\/\/comprenowhats.com.br\/anacaprimacae\/wp-json\/wp\/v2\/product_tag?post=420"}],"curies":[{"name":"wp","href":"https:\/\/api.w.org\/{rel}","templated":true}]}}