{"id":418,"date":"2020-07-30T15:05:21","date_gmt":"2020-07-30T18:05:21","guid":{"rendered":"https:\/\/comprenowhats.com.br\/anacaprimacae\/produto\/tenis-nude-capri-snake-anacapri\/"},"modified":"2022-11-08T10:24:23","modified_gmt":"2022-11-08T13:24:23","slug":"tenis-nude-capri-snake-anacapri","status":"publish","type":"product","link":"https:\/\/comprenowhats.com.br\/anacaprimacae\/produto\/tenis-nude-capri-snake-anacapri\/","title":{"rendered":"T\u00eanis Nude Capri Snake | Anacapri"},"content":{"rendered":"<p>N\u00e3o vai sair dos seus p\u00e9s. E, sim, isso \u00e9 uma promessa. O t\u00eanis nude vai com tudo, da cal\u00e7a social ao vestido de balada. Com o jeans cl\u00e1ssico j\u00e1 virou uniforme (dentro e fora do brasil) e toda fashion girl tem que ter no closet!<\/p>\n<div style='text-align: center'><\/div>\n<p>* Entre em contato por WhatsApp para verificar a disponibilidade do produto. Ref.: C3000000680088<\/p>\n","protected":false},"excerpt":{"rendered":"<p>Estoque dispon\u00edvel no tamanho: 33.<br \/><small>atualizado em 08\/11\/2022.<\/p>\n","protected":false},"featured_media":417,"template":"","meta":[],"product_cat":[31],"product_tag":[21],"_links":{"self":[{"href":"https:\/\/comprenowhats.com.br\/anacaprimacae\/wp-json\/wp\/v2\/product\/418"}],"collection":[{"href":"https:\/\/comprenowhats.com.br\/anacaprimacae\/wp-json\/wp\/v2\/product"}],"about":[{"href":"https:\/\/comprenowhats.com.br\/anacaprimacae\/wp-json\/wp\/v2\/types\/product"}],"wp:featuredmedia":[{"embeddable":true,"href":"https:\/\/comprenowhats.com.br\/anacaprimacae\/wp-json\/wp\/v2\/media\/417"}],"wp:attachment":[{"href":"https:\/\/comprenowhats.com.br\/anacaprimacae\/wp-json\/wp\/v2\/media?parent=418"}],"wp:term":[{"taxonomy":"product_cat","embeddable":true,"href":"https:\/\/comprenowhats.com.br\/anacaprimacae\/wp-json\/wp\/v2\/product_cat?post=418"},{"taxonomy":"product_tag","embeddable":true,"href":"https:\/\/comprenowhats.com.br\/anacaprimacae\/wp-json\/wp\/v2\/product_tag?post=418"}],"curies":[{"name":"wp","href":"https:\/\/api.w.org\/{rel}","templated":true}]}}