{"id":400,"date":"2020-07-30T15:03:34","date_gmt":"2020-07-30T18:03:34","guid":{"rendered":"https:\/\/comprenowhats.com.br\/anacaprimacae\/produto\/tenis-dourado-slip-on-ana-anacapri\/"},"modified":"2023-03-14T15:58:48","modified_gmt":"2023-03-14T18:58:48","slug":"tenis-dourado-slip-on-ana-anacapri","status":"publish","type":"product","link":"https:\/\/comprenowhats.com.br\/anacaprimacae\/produto\/tenis-dourado-slip-on-ana-anacapri\/","title":{"rendered":"T\u00eanis Dourado Slip On Ana | Anacapri"},"content":{"rendered":"<div>Agora, nossa linha de produtos com maior volume de vendas, recebe o selo vegano oficial da Sociedade Vegetariana Brasileira. O ?Certificado Produto Vegano SVB (Sociedade Vegana Brasileira)? \u00e9 o in\u00edcio de uma jornada e representa nosso compromisso com o meio-ambiente e os animais. Temos consci\u00eancia que esse \u00e9 apenas nosso primeiro passo dessa jornada linda de evolu\u00e7\u00e3o, e nos comprometemos a seguir em frente, um passo de cada vez.<\/div>\n<div>Os 3 principais pontos que o certificado atesta:<\/div>\n<div>1. Produtos sem ingredientes de origem animal*<\/div>\n<div>*A possibilidade de presen\u00e7a n\u00e3o intencional de tra\u00e7os de origem animal nos produtos n\u00e3o impede o produto de obter a certifica\u00e7\u00e3o.<\/div>\n<div>2. Empresa n\u00e3o testa produto finalizado em animais.**<\/div>\n<div>**Tomando como refer\u00eancia a EU Cosmetic Regulation (EC 1223\/2009), consideramos 11\/03\/2013 como data limite para testes.<\/div>\n<div>3. Fabricantes fornecedores n\u00e3o testam os ingredientes em animais.***<\/div>\n<div>***Tomando como refer\u00eancia a EU Cosmetic Regulation (EC 1223\/2009), consideramos 11\/03\/2013 como data limite para testes.<\/div>\n<div style='text-align: center'><\/div>\n<p>* Entre em contato por WhatsApp para verificar a disponibilidade do produto. Ref.: C3000000580004<\/p>\n","protected":false},"excerpt":{"rendered":"<p>Estoque dispon\u00edvel no tamanho: 39.<br \/><small>atualizado em 14\/03\/2023.<\/p>\n","protected":false},"featured_media":399,"template":"","meta":[],"product_cat":[31],"product_tag":[27],"_links":{"self":[{"href":"https:\/\/comprenowhats.com.br\/anacaprimacae\/wp-json\/wp\/v2\/product\/400"}],"collection":[{"href":"https:\/\/comprenowhats.com.br\/anacaprimacae\/wp-json\/wp\/v2\/product"}],"about":[{"href":"https:\/\/comprenowhats.com.br\/anacaprimacae\/wp-json\/wp\/v2\/types\/product"}],"wp:featuredmedia":[{"embeddable":true,"href":"https:\/\/comprenowhats.com.br\/anacaprimacae\/wp-json\/wp\/v2\/media\/399"}],"wp:attachment":[{"href":"https:\/\/comprenowhats.com.br\/anacaprimacae\/wp-json\/wp\/v2\/media?parent=400"}],"wp:term":[{"taxonomy":"product_cat","embeddable":true,"href":"https:\/\/comprenowhats.com.br\/anacaprimacae\/wp-json\/wp\/v2\/product_cat?post=400"},{"taxonomy":"product_tag","embeddable":true,"href":"https:\/\/comprenowhats.com.br\/anacaprimacae\/wp-json\/wp\/v2\/product_tag?post=400"}],"curies":[{"name":"wp","href":"https:\/\/api.w.org\/{rel}","templated":true}]}}