{"id":394,"date":"2020-07-30T15:03:11","date_gmt":"2020-07-30T18:03:11","guid":{"rendered":"https:\/\/comprenowhats.com.br\/anacaprimacae\/produto\/sapatilha-bege-e-preta-tem-que-ter-anacapri\/"},"modified":"2022-05-18T11:32:42","modified_gmt":"2022-05-18T14:32:42","slug":"sapatilha-bege-e-preta-tem-que-ter-anacapri","status":"publish","type":"product","link":"https:\/\/comprenowhats.com.br\/anacaprimacae\/produto\/sapatilha-bege-e-preta-tem-que-ter-anacapri\/","title":{"rendered":"Sapatilha Bege e Preta Tem que Ter | Anacapri"},"content":{"rendered":"<p>Aquele cl\u00e1ssico que toda mulher precisa para sair linda por a\u00ed. Uma sapatilha elegante, com textura em matelass\u00ea na cor nude e detalhes e preto. Chique!<\/p>\n<div style='text-align: center'><\/div>\n<p>* Entre em contato por WhatsApp para verificar a disponibilidade do produto. Ref.: C0030302180008<\/p>\n","protected":false},"excerpt":{"rendered":"<p>Estoque dispon\u00edvel no tamanho: 35.<br \/><small>atualizado em 18\/05\/2022.<\/p>\n","protected":false},"featured_media":393,"template":"","meta":[],"product_cat":[20],"product_tag":[23],"_links":{"self":[{"href":"https:\/\/comprenowhats.com.br\/anacaprimacae\/wp-json\/wp\/v2\/product\/394"}],"collection":[{"href":"https:\/\/comprenowhats.com.br\/anacaprimacae\/wp-json\/wp\/v2\/product"}],"about":[{"href":"https:\/\/comprenowhats.com.br\/anacaprimacae\/wp-json\/wp\/v2\/types\/product"}],"wp:featuredmedia":[{"embeddable":true,"href":"https:\/\/comprenowhats.com.br\/anacaprimacae\/wp-json\/wp\/v2\/media\/393"}],"wp:attachment":[{"href":"https:\/\/comprenowhats.com.br\/anacaprimacae\/wp-json\/wp\/v2\/media?parent=394"}],"wp:term":[{"taxonomy":"product_cat","embeddable":true,"href":"https:\/\/comprenowhats.com.br\/anacaprimacae\/wp-json\/wp\/v2\/product_cat?post=394"},{"taxonomy":"product_tag","embeddable":true,"href":"https:\/\/comprenowhats.com.br\/anacaprimacae\/wp-json\/wp\/v2\/product_tag?post=394"}],"curies":[{"name":"wp","href":"https:\/\/api.w.org\/{rel}","templated":true}]}}