{"id":392,"date":"2020-07-30T15:03:10","date_gmt":"2020-07-30T18:03:10","guid":{"rendered":"https:\/\/comprenowhats.com.br\/anacaprimacae\/produto\/sapatilha-preta-tem-que-ter-biqueira-anacapri\/"},"modified":"2022-05-18T11:32:49","modified_gmt":"2022-05-18T14:32:49","slug":"sapatilha-preta-tem-que-ter-biqueira-anacapri","status":"publish","type":"product","link":"https:\/\/comprenowhats.com.br\/anacaprimacae\/produto\/sapatilha-preta-tem-que-ter-biqueira-anacapri\/","title":{"rendered":"Sapatilha Preta Tem que Ter Biqueira | Anacapri"},"content":{"rendered":"<p>Aquele cl\u00e1ssico que toda mulher precisa para sair linda por a\u00ed. Uma sapatilha elegante, com textura em matelass\u00ea na cor preta. Chique!<\/p>\n<div style='text-align: center'><\/div>\n<p>* Entre em contato por WhatsApp para verificar a disponibilidade do produto. Ref.: C0030302180007<\/p>\n","protected":false},"excerpt":{"rendered":"<p>Estoque dispon\u00edvel no tamanho: 36.<br \/><small>atualizado em 18\/05\/2022.<\/p>\n","protected":false},"featured_media":391,"template":"","meta":[],"product_cat":[20],"product_tag":[24],"_links":{"self":[{"href":"https:\/\/comprenowhats.com.br\/anacaprimacae\/wp-json\/wp\/v2\/product\/392"}],"collection":[{"href":"https:\/\/comprenowhats.com.br\/anacaprimacae\/wp-json\/wp\/v2\/product"}],"about":[{"href":"https:\/\/comprenowhats.com.br\/anacaprimacae\/wp-json\/wp\/v2\/types\/product"}],"wp:featuredmedia":[{"embeddable":true,"href":"https:\/\/comprenowhats.com.br\/anacaprimacae\/wp-json\/wp\/v2\/media\/391"}],"wp:attachment":[{"href":"https:\/\/comprenowhats.com.br\/anacaprimacae\/wp-json\/wp\/v2\/media?parent=392"}],"wp:term":[{"taxonomy":"product_cat","embeddable":true,"href":"https:\/\/comprenowhats.com.br\/anacaprimacae\/wp-json\/wp\/v2\/product_cat?post=392"},{"taxonomy":"product_tag","embeddable":true,"href":"https:\/\/comprenowhats.com.br\/anacaprimacae\/wp-json\/wp\/v2\/product_tag?post=392"}],"curies":[{"name":"wp","href":"https:\/\/api.w.org\/{rel}","templated":true}]}}