{"id":388,"date":"2020-07-30T15:02:25","date_gmt":"2020-07-30T18:02:25","guid":{"rendered":"https:\/\/comprenowhats.com.br\/anacaprimacae\/produto\/sandalia-tricolor-tiras-anacapri\/"},"modified":"2022-05-18T11:32:44","modified_gmt":"2022-05-18T14:32:44","slug":"sandalia-tricolor-tiras-anacapri","status":"publish","type":"product","link":"https:\/\/comprenowhats.com.br\/anacaprimacae\/produto\/sandalia-tricolor-tiras-anacapri\/","title":{"rendered":"Sand\u00e1lia Tricolor Tiras | Anacapri"},"content":{"rendered":"<p>A flat com shape minimalista superou o b\u00e1sico e apareceu renovad\u00edssima! Com tiras finas em tr\u00eas cores e detalhes em an\u00e9is de metal na frente e laterais, esse modelo promete deixar seu looks veranis muito mais fresh &#8211; como s\u00f3 um pezinho a mostra consegue! Combine com seu jeans preferido, pantacourts e pe\u00e7as esvoa\u00e7antes. Mara! Nesse modelo aconselhamos a compra de um tamanho maior do que sua numera\u00e7\u00e3o convencional.<\/p>\n<div style='text-align: center'><\/div>\n<p>* Entre em contato por WhatsApp para verificar a disponibilidade do produto. Ref.: C0029401170001<\/p>\n","protected":false},"excerpt":{"rendered":"<p>Estoque indispon\u00edvel.<br \/><small>atualizado em 18\/05\/2022.<\/p>\n","protected":false},"featured_media":387,"template":"","meta":[],"product_cat":[29],"product_tag":[23],"_links":{"self":[{"href":"https:\/\/comprenowhats.com.br\/anacaprimacae\/wp-json\/wp\/v2\/product\/388"}],"collection":[{"href":"https:\/\/comprenowhats.com.br\/anacaprimacae\/wp-json\/wp\/v2\/product"}],"about":[{"href":"https:\/\/comprenowhats.com.br\/anacaprimacae\/wp-json\/wp\/v2\/types\/product"}],"wp:featuredmedia":[{"embeddable":true,"href":"https:\/\/comprenowhats.com.br\/anacaprimacae\/wp-json\/wp\/v2\/media\/387"}],"wp:attachment":[{"href":"https:\/\/comprenowhats.com.br\/anacaprimacae\/wp-json\/wp\/v2\/media?parent=388"}],"wp:term":[{"taxonomy":"product_cat","embeddable":true,"href":"https:\/\/comprenowhats.com.br\/anacaprimacae\/wp-json\/wp\/v2\/product_cat?post=388"},{"taxonomy":"product_tag","embeddable":true,"href":"https:\/\/comprenowhats.com.br\/anacaprimacae\/wp-json\/wp\/v2\/product_tag?post=388"}],"curies":[{"name":"wp","href":"https:\/\/api.w.org\/{rel}","templated":true}]}}