{"id":368,"date":"2020-07-30T15:00:43","date_gmt":"2020-07-30T18:00:43","guid":{"rendered":"https:\/\/comprenowhats.com.br\/anacaprimacae\/produto\/sandalia-marrom-trancas\/"},"modified":"2023-09-19T17:01:26","modified_gmt":"2023-09-19T20:01:26","slug":"sandalia-marrom-trancas","status":"publish","type":"product","link":"https:\/\/comprenowhats.com.br\/anacaprimacae\/produto\/sandalia-marrom-trancas\/","title":{"rendered":"Rasteira Marrom Tran\u00e7ada Amarra\u00e7\u00e3o"},"content":{"rendered":"<div style='text-align: center'><img src='https:\/\/secure-static.anacapri.com.br\/medias\/sys_master\/anacapri\/anacapri\/hea\/hdc\/h00\/h00\/10725581717534\/0028500470014U-04-BASEIMAGE-Midres.jpg' style='max-height: 400px' \/><img src='https:\/\/secure-static.anacapri.com.br\/medias\/sys_master\/anacapri\/anacapri\/hf3\/he0\/h00\/h00\/10725581914142\/0028500470014U-05-BASEIMAGE-Midres.jpg' style='max-height: 400px' \/><img src='https:\/\/secure-static.anacapri.com.br\/medias\/sys_master\/anacapri\/anacapri\/h18\/h05\/h00\/h00\/10725582110750\/0028500470014U-06-BASEIMAGE-Midres.jpg' style='max-height: 400px' \/><\/div>\n<p>* Entre em contato por WhatsApp para verificar a disponibilidade do produto. Ref.: C0028500470014<\/p>\n","protected":false},"excerpt":{"rendered":"<p>Estoque dispon\u00edvel nos tamanhos: ULTIMA_ESTACAO, 35.<br \/><small>atualizado em 19\/09\/2023.<\/p>\n","protected":false},"featured_media":3011,"template":"","meta":[],"product_cat":[49],"product_tag":[23,103],"_links":{"self":[{"href":"https:\/\/comprenowhats.com.br\/anacaprimacae\/wp-json\/wp\/v2\/product\/368"}],"collection":[{"href":"https:\/\/comprenowhats.com.br\/anacaprimacae\/wp-json\/wp\/v2\/product"}],"about":[{"href":"https:\/\/comprenowhats.com.br\/anacaprimacae\/wp-json\/wp\/v2\/types\/product"}],"wp:featuredmedia":[{"embeddable":true,"href":"https:\/\/comprenowhats.com.br\/anacaprimacae\/wp-json\/wp\/v2\/media\/3011"}],"wp:attachment":[{"href":"https:\/\/comprenowhats.com.br\/anacaprimacae\/wp-json\/wp\/v2\/media?parent=368"}],"wp:term":[{"taxonomy":"product_cat","embeddable":true,"href":"https:\/\/comprenowhats.com.br\/anacaprimacae\/wp-json\/wp\/v2\/product_cat?post=368"},{"taxonomy":"product_tag","embeddable":true,"href":"https:\/\/comprenowhats.com.br\/anacaprimacae\/wp-json\/wp\/v2\/product_tag?post=368"}],"curies":[{"name":"wp","href":"https:\/\/api.w.org\/{rel}","templated":true}]}}