{"id":366,"date":"2020-07-30T15:00:37","date_gmt":"2020-07-30T18:00:37","guid":{"rendered":"https:\/\/comprenowhats.com.br\/anacaprimacae\/produto\/sapatilha-tem-que-ter-verniz-nude\/"},"modified":"2022-11-08T10:24:11","modified_gmt":"2022-11-08T13:24:11","slug":"sapatilha-tem-que-ter-verniz-nude","status":"publish","type":"product","link":"https:\/\/comprenowhats.com.br\/anacaprimacae\/produto\/sapatilha-tem-que-ter-verniz-nude\/","title":{"rendered":"Sapatilha Tem Que Ter Verniz Nude"},"content":{"rendered":"<p>Aquele cl\u00e1ssico que toda mulher precisa para sair linda por a\u00ed. Uma sapatilha elegante em verniz, com textura em matelass\u00ea na cor Quartzo. Chique!<BR><BR>N\u00e3o cont\u00e9m materiais de origem animal.<\/p>\n<div style='text-align: center'><img src='https:\/\/secure-static.anacapri.com.br\/medias\/sys_master\/anacapri\/anacapri\/h61\/h91\/h00\/h00\/9305411911710\/0022900380059U-04-BASEIMAGE-Midres.jpg' style='max-height: 400px' \/><img src='https:\/\/secure-static.anacapri.com.br\/medias\/sys_master\/anacapri\/anacapri\/h03\/h0e\/h00\/h00\/9305412567070\/0022900380059U-05-BASEIMAGE-Midres.jpg' style='max-height: 400px' \/><\/div>\n<p>* Entre em contato por WhatsApp para verificar a disponibilidade do produto. Ref.: C0022900380059<\/p>\n","protected":false},"excerpt":{"rendered":"<p>Estoque dispon\u00edvel no tamanho: 40.<br \/><small>atualizado em 08\/11\/2022.<\/p>\n","protected":false},"featured_media":365,"template":"","meta":[],"product_cat":[20],"product_tag":[28],"_links":{"self":[{"href":"https:\/\/comprenowhats.com.br\/anacaprimacae\/wp-json\/wp\/v2\/product\/366"}],"collection":[{"href":"https:\/\/comprenowhats.com.br\/anacaprimacae\/wp-json\/wp\/v2\/product"}],"about":[{"href":"https:\/\/comprenowhats.com.br\/anacaprimacae\/wp-json\/wp\/v2\/types\/product"}],"wp:featuredmedia":[{"embeddable":true,"href":"https:\/\/comprenowhats.com.br\/anacaprimacae\/wp-json\/wp\/v2\/media\/365"}],"wp:attachment":[{"href":"https:\/\/comprenowhats.com.br\/anacaprimacae\/wp-json\/wp\/v2\/media?parent=366"}],"wp:term":[{"taxonomy":"product_cat","embeddable":true,"href":"https:\/\/comprenowhats.com.br\/anacaprimacae\/wp-json\/wp\/v2\/product_cat?post=366"},{"taxonomy":"product_tag","embeddable":true,"href":"https:\/\/comprenowhats.com.br\/anacaprimacae\/wp-json\/wp\/v2\/product_tag?post=366"}],"curies":[{"name":"wp","href":"https:\/\/api.w.org\/{rel}","templated":true}]}}