{"id":362,"date":"2020-07-30T15:00:30","date_gmt":"2020-07-30T18:00:30","guid":{"rendered":"https:\/\/comprenowhats.com.br\/anacaprimacae\/produto\/sapatilha-prata-velha-tem-que-ter-anacapri-2\/"},"modified":"2022-05-18T11:45:22","modified_gmt":"2022-05-18T14:45:22","slug":"sapatilha-prata-velha-tem-que-ter-anacapri-2","status":"publish","type":"product","link":"https:\/\/comprenowhats.com.br\/anacaprimacae\/produto\/sapatilha-prata-velha-tem-que-ter-anacapri-2\/","title":{"rendered":"Sapatilha Prata Velha Tem que Ter | Anacapri"},"content":{"rendered":"<p>Aquele cl\u00e1ssico que toda mulher precisa para sair linda por a\u00ed. Uma sapatilha elegante, com textura em matelass\u00ea prata. Chique!<\/p>\n<div style='text-align: center'><\/div>\n<p>* Entre em contato por WhatsApp para verificar a disponibilidade do produto. Ref.: C0022900380033<\/p>\n","protected":false},"excerpt":{"rendered":"<p>Estoque indispon\u00edvel.<br \/><small>atualizado em 18\/05\/2022.<\/p>\n","protected":false},"featured_media":361,"template":"","meta":[],"product_cat":[20],"product_tag":[22],"_links":{"self":[{"href":"https:\/\/comprenowhats.com.br\/anacaprimacae\/wp-json\/wp\/v2\/product\/362"}],"collection":[{"href":"https:\/\/comprenowhats.com.br\/anacaprimacae\/wp-json\/wp\/v2\/product"}],"about":[{"href":"https:\/\/comprenowhats.com.br\/anacaprimacae\/wp-json\/wp\/v2\/types\/product"}],"wp:featuredmedia":[{"embeddable":true,"href":"https:\/\/comprenowhats.com.br\/anacaprimacae\/wp-json\/wp\/v2\/media\/361"}],"wp:attachment":[{"href":"https:\/\/comprenowhats.com.br\/anacaprimacae\/wp-json\/wp\/v2\/media?parent=362"}],"wp:term":[{"taxonomy":"product_cat","embeddable":true,"href":"https:\/\/comprenowhats.com.br\/anacaprimacae\/wp-json\/wp\/v2\/product_cat?post=362"},{"taxonomy":"product_tag","embeddable":true,"href":"https:\/\/comprenowhats.com.br\/anacaprimacae\/wp-json\/wp\/v2\/product_tag?post=362"}],"curies":[{"name":"wp","href":"https:\/\/api.w.org\/{rel}","templated":true}]}}