{"id":358,"date":"2020-07-30T15:00:18","date_gmt":"2020-07-30T18:00:18","guid":{"rendered":"https:\/\/comprenowhats.com.br\/anacaprimacae\/produto\/sapatilha-preta-tem-que-ter-anacapri\/"},"modified":"2022-10-26T12:13:22","modified_gmt":"2022-10-26T15:13:22","slug":"sapatilha-preta-tem-que-ter-anacapri","status":"publish","type":"product","link":"https:\/\/comprenowhats.com.br\/anacaprimacae\/produto\/sapatilha-preta-tem-que-ter-anacapri\/","title":{"rendered":"Sapatilha Preta Tem que Ter | Anacapri"},"content":{"rendered":"<p>A sapatilha \u00e9 o nosso crush da vida! O modelo preto com acabamento em matelass\u00ea e detalhe em tope \u00e9 mega fofo para acompanhar nossos looks mais charmosos em qualquer esta\u00e7\u00e3o &#8211; D\u00e1 pra resistir?<\/p>\n<div style='text-align: center'><\/div>\n<p>* Entre em contato por WhatsApp para verificar a disponibilidade do produto. Ref.: C0018606480379<\/p>\n","protected":false},"excerpt":{"rendered":"<p>Estoque dispon\u00edvel no tamanho: 34.<br \/><small>atualizado em 26\/10\/2022.<\/p>\n","protected":false},"featured_media":357,"template":"","meta":[],"product_cat":[20],"product_tag":[22],"_links":{"self":[{"href":"https:\/\/comprenowhats.com.br\/anacaprimacae\/wp-json\/wp\/v2\/product\/358"}],"collection":[{"href":"https:\/\/comprenowhats.com.br\/anacaprimacae\/wp-json\/wp\/v2\/product"}],"about":[{"href":"https:\/\/comprenowhats.com.br\/anacaprimacae\/wp-json\/wp\/v2\/types\/product"}],"wp:featuredmedia":[{"embeddable":true,"href":"https:\/\/comprenowhats.com.br\/anacaprimacae\/wp-json\/wp\/v2\/media\/357"}],"wp:attachment":[{"href":"https:\/\/comprenowhats.com.br\/anacaprimacae\/wp-json\/wp\/v2\/media?parent=358"}],"wp:term":[{"taxonomy":"product_cat","embeddable":true,"href":"https:\/\/comprenowhats.com.br\/anacaprimacae\/wp-json\/wp\/v2\/product_cat?post=358"},{"taxonomy":"product_tag","embeddable":true,"href":"https:\/\/comprenowhats.com.br\/anacaprimacae\/wp-json\/wp\/v2\/product_tag?post=358"}],"curies":[{"name":"wp","href":"https:\/\/api.w.org\/{rel}","templated":true}]}}