{"id":354,"date":"2020-07-30T15:00:12","date_gmt":"2020-07-30T18:00:12","guid":{"rendered":"https:\/\/comprenowhats.com.br\/anacaprimacae\/produto\/sapatilha-nude-tem-que-ter-anacapri\/"},"modified":"2023-09-11T15:48:52","modified_gmt":"2023-09-11T18:48:52","slug":"sapatilha-nude-tem-que-ter-anacapri","status":"publish","type":"product","link":"https:\/\/comprenowhats.com.br\/anacaprimacae\/produto\/sapatilha-nude-tem-que-ter-anacapri\/","title":{"rendered":"Sapatilha Nude Tem que Ter | Anacapri"},"content":{"rendered":"<p>A sapatilha \u00e9 o nosso crush da vida! O modelo nude com acabamento em matelass\u00ea e detalhe em tope \u00e9 mega fofo para acompanhar nossos looks mais charmosos em qualquer esta\u00e7\u00e3o &#8211; D\u00e1 pra resistir?<\/p>\n<div style='text-align: center'><\/div>\n<p>* Entre em contato por WhatsApp para verificar a disponibilidade do produto. Ref.: C0018606480377<\/p>\n","protected":false},"excerpt":{"rendered":"<p>Estoque dispon\u00edvel nos tamanhos: ULTIMA_ESTACAO, 34, 35, 37.<br \/><small>atualizado em 11\/09\/2023.<\/p>\n","protected":false},"featured_media":353,"template":"","meta":[],"product_cat":[20],"product_tag":[22,23,25,103],"_links":{"self":[{"href":"https:\/\/comprenowhats.com.br\/anacaprimacae\/wp-json\/wp\/v2\/product\/354"}],"collection":[{"href":"https:\/\/comprenowhats.com.br\/anacaprimacae\/wp-json\/wp\/v2\/product"}],"about":[{"href":"https:\/\/comprenowhats.com.br\/anacaprimacae\/wp-json\/wp\/v2\/types\/product"}],"wp:featuredmedia":[{"embeddable":true,"href":"https:\/\/comprenowhats.com.br\/anacaprimacae\/wp-json\/wp\/v2\/media\/353"}],"wp:attachment":[{"href":"https:\/\/comprenowhats.com.br\/anacaprimacae\/wp-json\/wp\/v2\/media?parent=354"}],"wp:term":[{"taxonomy":"product_cat","embeddable":true,"href":"https:\/\/comprenowhats.com.br\/anacaprimacae\/wp-json\/wp\/v2\/product_cat?post=354"},{"taxonomy":"product_tag","embeddable":true,"href":"https:\/\/comprenowhats.com.br\/anacaprimacae\/wp-json\/wp\/v2\/product_tag?post=354"}],"curies":[{"name":"wp","href":"https:\/\/api.w.org\/{rel}","templated":true}]}}