{"id":350,"date":"2020-07-30T15:00:06","date_gmt":"2020-07-30T18:00:06","guid":{"rendered":"https:\/\/comprenowhats.com.br\/anacaprimacae\/produto\/sapatilha-azul-marinho-tem-que-ter-anacapri\/"},"modified":"2023-11-28T17:23:34","modified_gmt":"2023-11-28T20:23:34","slug":"sapatilha-azul-marinho-tem-que-ter-anacapri","status":"publish","type":"product","link":"https:\/\/comprenowhats.com.br\/anacaprimacae\/produto\/sapatilha-azul-marinho-tem-que-ter-anacapri\/","title":{"rendered":"Sapatilha Azul Marinho Tem que Ter | Anacapri"},"content":{"rendered":"<p>A sapatilha \u00e9 o nosso crush da vida! O modelo azul com acabamento em matelass\u00ea e detalhe em tope \u00e9 mega fofo para acompanhar nossos looks mais quentinhos e charmosos do inverno &#8211; D\u00e1 pra resistir?<\/p>\n<div style='text-align: center'><\/div>\n<p>* Entre em contato por WhatsApp para verificar a disponibilidade do produto. Ref.: C0018606480375<\/p>\n","protected":false},"excerpt":{"rendered":"<p>Estoque dispon\u00edvel nos tamanhos: ULTIMA_ESTACAO, 39.<br \/><small>atualizado em 28\/11\/2023.<\/p>\n","protected":false},"featured_media":349,"template":"","meta":[],"product_cat":[20],"product_tag":[27,103],"_links":{"self":[{"href":"https:\/\/comprenowhats.com.br\/anacaprimacae\/wp-json\/wp\/v2\/product\/350"}],"collection":[{"href":"https:\/\/comprenowhats.com.br\/anacaprimacae\/wp-json\/wp\/v2\/product"}],"about":[{"href":"https:\/\/comprenowhats.com.br\/anacaprimacae\/wp-json\/wp\/v2\/types\/product"}],"wp:featuredmedia":[{"embeddable":true,"href":"https:\/\/comprenowhats.com.br\/anacaprimacae\/wp-json\/wp\/v2\/media\/349"}],"wp:attachment":[{"href":"https:\/\/comprenowhats.com.br\/anacaprimacae\/wp-json\/wp\/v2\/media?parent=350"}],"wp:term":[{"taxonomy":"product_cat","embeddable":true,"href":"https:\/\/comprenowhats.com.br\/anacaprimacae\/wp-json\/wp\/v2\/product_cat?post=350"},{"taxonomy":"product_tag","embeddable":true,"href":"https:\/\/comprenowhats.com.br\/anacaprimacae\/wp-json\/wp\/v2\/product_tag?post=350"}],"curies":[{"name":"wp","href":"https:\/\/api.w.org\/{rel}","templated":true}]}}