{"id":348,"date":"2020-07-30T15:00:03","date_gmt":"2020-07-30T18:00:03","guid":{"rendered":"https:\/\/comprenowhats.com.br\/anacaprimacae\/produto\/sapatilha-dourada-tem-que-ter-metalizada-anacapri\/"},"modified":"2023-03-14T16:03:04","modified_gmt":"2023-03-14T19:03:04","slug":"sapatilha-dourada-tem-que-ter-metalizada-anacapri","status":"publish","type":"product","link":"https:\/\/comprenowhats.com.br\/anacaprimacae\/produto\/sapatilha-dourada-tem-que-ter-metalizada-anacapri\/","title":{"rendered":"Sapatilha Dourada Tem Que Ter Metalizada | Anacapri"},"content":{"rendered":"<p>A sapatilha b\u00e1sica est\u00e1 ai para ganhar um espa\u00e7o no nosso guarda roupa -e no nosso cora\u00e7\u00e3o! O modelo metalizado com costuras matelass\u00ea e detalhe em tope \u00e9 perfeita para deixar nosso inverno ainda mais estiloso!<\/p>\n<div style='text-align: center'><\/div>\n<p>* Entre em contato por WhatsApp para verificar a disponibilidade do produto. Ref.: C0018606480325<\/p>\n","protected":false},"excerpt":{"rendered":"<p>Estoque dispon\u00edvel no tamanho: 40.<br \/><small>atualizado em 14\/03\/2023.<\/p>\n","protected":false},"featured_media":347,"template":"","meta":[],"product_cat":[20],"product_tag":[28],"_links":{"self":[{"href":"https:\/\/comprenowhats.com.br\/anacaprimacae\/wp-json\/wp\/v2\/product\/348"}],"collection":[{"href":"https:\/\/comprenowhats.com.br\/anacaprimacae\/wp-json\/wp\/v2\/product"}],"about":[{"href":"https:\/\/comprenowhats.com.br\/anacaprimacae\/wp-json\/wp\/v2\/types\/product"}],"wp:featuredmedia":[{"embeddable":true,"href":"https:\/\/comprenowhats.com.br\/anacaprimacae\/wp-json\/wp\/v2\/media\/347"}],"wp:attachment":[{"href":"https:\/\/comprenowhats.com.br\/anacaprimacae\/wp-json\/wp\/v2\/media?parent=348"}],"wp:term":[{"taxonomy":"product_cat","embeddable":true,"href":"https:\/\/comprenowhats.com.br\/anacaprimacae\/wp-json\/wp\/v2\/product_cat?post=348"},{"taxonomy":"product_tag","embeddable":true,"href":"https:\/\/comprenowhats.com.br\/anacaprimacae\/wp-json\/wp\/v2\/product_tag?post=348"}],"curies":[{"name":"wp","href":"https:\/\/api.w.org\/{rel}","templated":true}]}}