{"id":346,"date":"2020-07-30T14:59:59","date_gmt":"2020-07-30T17:59:59","guid":{"rendered":"https:\/\/comprenowhats.com.br\/anacaprimacae\/produto\/sapatilha-prata-velha-tem-que-ter-anacapri\/"},"modified":"2023-11-28T17:23:34","modified_gmt":"2023-11-28T20:23:34","slug":"sapatilha-prata-velha-tem-que-ter-anacapri","status":"publish","type":"product","link":"https:\/\/comprenowhats.com.br\/anacaprimacae\/produto\/sapatilha-prata-velha-tem-que-ter-anacapri\/","title":{"rendered":"Sapatilha Prata Velha Tem que ter | Anacapri"},"content":{"rendered":"<p>Aquele cl\u00e1ssico que toda mulher precisa para sair linda por a\u00ed. Uma sapatilha elegante, com textura em matelass\u00ea prata. Chique!<\/p>\n<div style='text-align: center'><\/div>\n<p>* Entre em contato por WhatsApp para verificar a disponibilidade do produto. Ref.: C0018606480252<\/p>\n","protected":false},"excerpt":{"rendered":"<p>Estoque dispon\u00edvel nos tamanhos: ULTIMA_ESTACAO, 40.<br \/><small>atualizado em 28\/11\/2023.<\/p>\n","protected":false},"featured_media":345,"template":"","meta":[],"product_cat":[20],"product_tag":[28,103],"_links":{"self":[{"href":"https:\/\/comprenowhats.com.br\/anacaprimacae\/wp-json\/wp\/v2\/product\/346"}],"collection":[{"href":"https:\/\/comprenowhats.com.br\/anacaprimacae\/wp-json\/wp\/v2\/product"}],"about":[{"href":"https:\/\/comprenowhats.com.br\/anacaprimacae\/wp-json\/wp\/v2\/types\/product"}],"wp:featuredmedia":[{"embeddable":true,"href":"https:\/\/comprenowhats.com.br\/anacaprimacae\/wp-json\/wp\/v2\/media\/345"}],"wp:attachment":[{"href":"https:\/\/comprenowhats.com.br\/anacaprimacae\/wp-json\/wp\/v2\/media?parent=346"}],"wp:term":[{"taxonomy":"product_cat","embeddable":true,"href":"https:\/\/comprenowhats.com.br\/anacaprimacae\/wp-json\/wp\/v2\/product_cat?post=346"},{"taxonomy":"product_tag","embeddable":true,"href":"https:\/\/comprenowhats.com.br\/anacaprimacae\/wp-json\/wp\/v2\/product_tag?post=346"}],"curies":[{"name":"wp","href":"https:\/\/api.w.org\/{rel}","templated":true}]}}