{"id":2834,"date":"2023-03-14T16:20:40","date_gmt":"2023-03-14T19:20:40","guid":{"rendered":"https:\/\/comprenowhats.com.br\/anacaprimacae\/produto\/sandalia-rasteira-amarracao-dourada-glam-brilhos\/"},"modified":"2023-11-28T16:49:50","modified_gmt":"2023-11-28T19:49:50","slug":"sandalia-rasteira-amarracao-dourada-glam-brilhos","status":"publish","type":"product","link":"https:\/\/comprenowhats.com.br\/anacaprimacae\/produto\/sandalia-rasteira-amarracao-dourada-glam-brilhos\/","title":{"rendered":"Sand\u00e1lia Rasteira Amarra\u00e7\u00e3o Dourada Glam Brilhos"},"content":{"rendered":"<div style='text-align: center'><img src='https:\/\/secure-static.anacapri.com.br\/medias\/sys_master\/anacapri\/anacapri\/hd1\/h5c\/h00\/h00\/10967285563422\/3015701090006U-06-BASEIMAGE-Midres.jpg' style='max-height: 400px' \/><img src='https:\/\/secure-static.anacapri.com.br\/medias\/sys_master\/anacapri\/anacapri\/h67\/hac\/h00\/h00\/10967285891102\/3015701090006U-07-BASEIMAGE-Midres.jpg' style='max-height: 400px' \/><img src='https:\/\/secure-static.anacapri.com.br\/medias\/sys_master\/anacapri\/anacapri\/h1e\/h9d\/h00\/h00\/10967286218782\/3015701090006U-08-BASEIMAGE-Midres.jpg' style='max-height: 400px' \/><\/div>\n<p>* Entre em contato por WhatsApp para verificar a disponibilidade do produto. Ref.: C3015701090006<\/p>\n","protected":false},"excerpt":{"rendered":"<p>Estoque dispon\u00edvel nos tamanhos: ULTIMA_ESTACAO, 37, 39.<br \/><small>atualizado em 28\/11\/2023.<\/p>\n","protected":false},"featured_media":2833,"template":"","meta":[],"product_cat":[49],"product_tag":[25,27,103],"_links":{"self":[{"href":"https:\/\/comprenowhats.com.br\/anacaprimacae\/wp-json\/wp\/v2\/product\/2834"}],"collection":[{"href":"https:\/\/comprenowhats.com.br\/anacaprimacae\/wp-json\/wp\/v2\/product"}],"about":[{"href":"https:\/\/comprenowhats.com.br\/anacaprimacae\/wp-json\/wp\/v2\/types\/product"}],"wp:featuredmedia":[{"embeddable":true,"href":"https:\/\/comprenowhats.com.br\/anacaprimacae\/wp-json\/wp\/v2\/media\/2833"}],"wp:attachment":[{"href":"https:\/\/comprenowhats.com.br\/anacaprimacae\/wp-json\/wp\/v2\/media?parent=2834"}],"wp:term":[{"taxonomy":"product_cat","embeddable":true,"href":"https:\/\/comprenowhats.com.br\/anacaprimacae\/wp-json\/wp\/v2\/product_cat?post=2834"},{"taxonomy":"product_tag","embeddable":true,"href":"https:\/\/comprenowhats.com.br\/anacaprimacae\/wp-json\/wp\/v2\/product_tag?post=2834"}],"curies":[{"name":"wp","href":"https:\/\/api.w.org\/{rel}","templated":true}]}}