{"id":2540,"date":"2022-09-24T11:35:36","date_gmt":"2022-09-24T14:35:36","guid":{"rendered":"https:\/\/comprenowhats.com.br\/anacaprimacae\/produto\/sandalia-nude-amarracao-bloco\/"},"modified":"2022-11-08T10:39:59","modified_gmt":"2022-11-08T13:39:59","slug":"sandalia-nude-amarracao-bloco","status":"publish","type":"product","link":"https:\/\/comprenowhats.com.br\/anacaprimacae\/produto\/sandalia-nude-amarracao-bloco\/","title":{"rendered":"Sand\u00e1lia Nude Amarra\u00e7\u00e3o Bloco"},"content":{"rendered":"<div style='text-align: center'><img src='https:\/\/secure-static.anacapri.com.br\/medias\/sys_master\/anacapri\/anacapri\/ha2\/h6b\/h00\/h00\/10913814478878\/3011400130009U-03-BASEIMAGE-Midres.jpg' style='max-height: 400px' \/><img src='https:\/\/secure-static.anacapri.com.br\/medias\/sys_master\/anacapri\/anacapri\/h8e\/hf1\/h00\/h00\/10913814806558\/3011400130009U-04-BASEIMAGE-Midres.jpg' style='max-height: 400px' \/><img src='https:\/\/secure-static.anacapri.com.br\/medias\/sys_master\/anacapri\/anacapri\/heb\/h8d\/h00\/h00\/10913815134238\/3011400130009U-06-BASEIMAGE-Midres.jpg' style='max-height: 400px' \/><img src='https:\/\/secure-static.anacapri.com.br\/medias\/sys_master\/anacapri\/anacapri\/h1b\/hec\/h00\/h00\/10913815461918\/3011400130009U-07-BASEIMAGE-Midres.jpg' style='max-height: 400px' \/><img src='https:\/\/secure-static.anacapri.com.br\/medias\/sys_master\/anacapri\/anacapri\/hdd\/h10\/h00\/h00\/10913815789598\/3011400130009U-08-BASEIMAGE-Midres.jpg' style='max-height: 400px' \/><\/div>\n<p>* Entre em contato por WhatsApp para verificar a disponibilidade do produto. Ref.: C3011400130009<\/p>\n","protected":false},"excerpt":{"rendered":"<p>Estoque dispon\u00edvel nos tamanhos: 34, 35.<br \/><small>atualizado em 08\/11\/2022.<\/p>\n","protected":false},"featured_media":2539,"template":"","meta":[],"product_cat":[57],"product_tag":[22,23],"_links":{"self":[{"href":"https:\/\/comprenowhats.com.br\/anacaprimacae\/wp-json\/wp\/v2\/product\/2540"}],"collection":[{"href":"https:\/\/comprenowhats.com.br\/anacaprimacae\/wp-json\/wp\/v2\/product"}],"about":[{"href":"https:\/\/comprenowhats.com.br\/anacaprimacae\/wp-json\/wp\/v2\/types\/product"}],"wp:featuredmedia":[{"embeddable":true,"href":"https:\/\/comprenowhats.com.br\/anacaprimacae\/wp-json\/wp\/v2\/media\/2539"}],"wp:attachment":[{"href":"https:\/\/comprenowhats.com.br\/anacaprimacae\/wp-json\/wp\/v2\/media?parent=2540"}],"wp:term":[{"taxonomy":"product_cat","embeddable":true,"href":"https:\/\/comprenowhats.com.br\/anacaprimacae\/wp-json\/wp\/v2\/product_cat?post=2540"},{"taxonomy":"product_tag","embeddable":true,"href":"https:\/\/comprenowhats.com.br\/anacaprimacae\/wp-json\/wp\/v2\/product_tag?post=2540"}],"curies":[{"name":"wp","href":"https:\/\/api.w.org\/{rel}","templated":true}]}}