{"id":2502,"date":"2022-08-18T15:39:34","date_gmt":"2022-08-18T18:39:34","guid":{"rendered":"https:\/\/comprenowhats.com.br\/anacaprimacae\/produto\/sandalia-rosa-gaia-amarracao-bloco\/"},"modified":"2022-09-24T11:42:23","modified_gmt":"2022-09-24T14:42:23","slug":"sandalia-rosa-gaia-amarracao-bloco","status":"publish","type":"product","link":"https:\/\/comprenowhats.com.br\/anacaprimacae\/produto\/sandalia-rosa-gaia-amarracao-bloco\/","title":{"rendered":"Sand\u00e1lia Rosa Gaia Amarra\u00e7\u00e3o Bloco"},"content":{"rendered":"<div style='text-align: center'><img src='https:\/\/secure-static.anacapri.com.br\/medias\/sys_master\/anacapri\/anacapri\/h62\/h99\/h00\/h00\/10913801175070\/3011400130010U-03-BASEIMAGE-Midres.jpg' style='max-height: 400px' \/><img src='https:\/\/secure-static.anacapri.com.br\/medias\/sys_master\/anacapri\/anacapri\/h58\/ha4\/h00\/h00\/10913801502750\/3011400130010U-04-BASEIMAGE-Midres.jpg' style='max-height: 400px' \/><img src='https:\/\/secure-static.anacapri.com.br\/medias\/sys_master\/anacapri\/anacapri\/hc2\/h54\/h00\/h00\/10913801830430\/3011400130010U-06-BASEIMAGE-Midres.jpg' style='max-height: 400px' \/><img src='https:\/\/secure-static.anacapri.com.br\/medias\/sys_master\/anacapri\/anacapri\/h11\/hfc\/h00\/h00\/10913802158110\/3011400130010U-07-BASEIMAGE-Midres.jpg' style='max-height: 400px' \/><img src='https:\/\/secure-static.anacapri.com.br\/medias\/sys_master\/anacapri\/anacapri\/h13\/h5e\/h00\/h00\/10913802485790\/3011400130010U-08-BASEIMAGE-Midres.jpg' style='max-height: 400px' \/><\/div>\n<p>* Entre em contato por WhatsApp para verificar a disponibilidade do produto. Ref.: C3011400130010<\/p>\n","protected":false},"excerpt":{"rendered":"<p>Estoque dispon\u00edvel nos tamanhos: 35, 36, 37, 39.<br \/><small>atualizado em 24\/09\/2022.<\/p>\n","protected":false},"featured_media":2501,"template":"","meta":[],"product_cat":[57],"product_tag":[23,24,25,27],"_links":{"self":[{"href":"https:\/\/comprenowhats.com.br\/anacaprimacae\/wp-json\/wp\/v2\/product\/2502"}],"collection":[{"href":"https:\/\/comprenowhats.com.br\/anacaprimacae\/wp-json\/wp\/v2\/product"}],"about":[{"href":"https:\/\/comprenowhats.com.br\/anacaprimacae\/wp-json\/wp\/v2\/types\/product"}],"wp:featuredmedia":[{"embeddable":true,"href":"https:\/\/comprenowhats.com.br\/anacaprimacae\/wp-json\/wp\/v2\/media\/2501"}],"wp:attachment":[{"href":"https:\/\/comprenowhats.com.br\/anacaprimacae\/wp-json\/wp\/v2\/media?parent=2502"}],"wp:term":[{"taxonomy":"product_cat","embeddable":true,"href":"https:\/\/comprenowhats.com.br\/anacaprimacae\/wp-json\/wp\/v2\/product_cat?post=2502"},{"taxonomy":"product_tag","embeddable":true,"href":"https:\/\/comprenowhats.com.br\/anacaprimacae\/wp-json\/wp\/v2\/product_tag?post=2502"}],"curies":[{"name":"wp","href":"https:\/\/api.w.org\/{rel}","templated":true}]}}