{"id":2424,"date":"2022-08-18T14:41:06","date_gmt":"2022-08-18T17:41:06","guid":{"rendered":"https:\/\/comprenowhats.com.br\/anacaprimacae\/produto\/bota-cano-curto-camurca-whisky-anacapri\/"},"modified":"2022-08-18T14:42:55","modified_gmt":"2022-08-18T17:42:55","slug":"bota-cano-curto-camurca-whisky-anacapri","status":"publish","type":"product","link":"https:\/\/comprenowhats.com.br\/anacaprimacae\/produto\/bota-cano-curto-camurca-whisky-anacapri\/","title":{"rendered":"Bota Cano Curto Camur\u00e7a Whisky | Anacapri"},"content":{"rendered":"<p>A botinha que toda antenada nas tend\u00eancias n\u00e3o abre m\u00e3o! Com revestimento acamur\u00e7ado, pespontados e el\u00e1stico na lateral, o modelo com refer\u00eancias western \u00e9 ideal para dar um upgrade fashion no combo jeans+tshirt. Nos dias frios, \u00e9 s\u00f3 jogar um jaquet\u00e3o por cima dessa produ\u00e7\u00e3o e desfilar por a\u00ed. Nunca foi t\u00e3o descomplicado ser fashion, n\u00e9? Invista!<\/p>\n<div style='text-align: center'><img src='https:\/\/secure-static.anacapri.com.br\/medias\/sys_master\/anacapri\/anacapri\/h37\/hcb\/h00\/h00\/9389037223966\/3014800010001U-02-BASEIMAGE-Midres.jpg' style='max-height: 400px' \/><img src='https:\/\/secure-static.anacapri.com.br\/medias\/sys_master\/anacapri\/anacapri\/h98\/h1f\/h00\/h00\/9389300023326\/3014800010001U-03-BASEIMAGE-Midres.jpg' style='max-height: 400px' \/><img src='https:\/\/secure-static.anacapri.com.br\/medias\/sys_master\/anacapri\/anacapri\/hd5\/h9f\/h00\/h00\/9389299859486\/3014800010001U-04-BASEIMAGE-Midres.jpg' style='max-height: 400px' \/><\/div>\n<p>* Entre em contato por WhatsApp para verificar a disponibilidade do produto. Ref.: C3014800010001<\/p>\n","protected":false},"excerpt":{"rendered":"<p>Estoque dispon\u00edvel no tamanho: 37.<br \/><small>atualizado em 18\/08\/2022.<\/p>\n","protected":false},"featured_media":2423,"template":"","meta":[],"product_cat":[15],"product_tag":[25],"_links":{"self":[{"href":"https:\/\/comprenowhats.com.br\/anacaprimacae\/wp-json\/wp\/v2\/product\/2424"}],"collection":[{"href":"https:\/\/comprenowhats.com.br\/anacaprimacae\/wp-json\/wp\/v2\/product"}],"about":[{"href":"https:\/\/comprenowhats.com.br\/anacaprimacae\/wp-json\/wp\/v2\/types\/product"}],"wp:featuredmedia":[{"embeddable":true,"href":"https:\/\/comprenowhats.com.br\/anacaprimacae\/wp-json\/wp\/v2\/media\/2423"}],"wp:attachment":[{"href":"https:\/\/comprenowhats.com.br\/anacaprimacae\/wp-json\/wp\/v2\/media?parent=2424"}],"wp:term":[{"taxonomy":"product_cat","embeddable":true,"href":"https:\/\/comprenowhats.com.br\/anacaprimacae\/wp-json\/wp\/v2\/product_cat?post=2424"},{"taxonomy":"product_tag","embeddable":true,"href":"https:\/\/comprenowhats.com.br\/anacaprimacae\/wp-json\/wp\/v2\/product_tag?post=2424"}],"curies":[{"name":"wp","href":"https:\/\/api.w.org\/{rel}","templated":true}]}}