{"id":2222,"date":"2022-05-18T11:07:54","date_gmt":"2022-05-18T14:07:54","guid":{"rendered":"https:\/\/comprenowhats.com.br\/anacaprimacae\/produto\/tenis-bia-flatform-listras-dourado\/"},"modified":"2022-05-18T11:09:51","modified_gmt":"2022-05-18T14:09:51","slug":"tenis-bia-flatform-listras-dourado","status":"publish","type":"product","link":"https:\/\/comprenowhats.com.br\/anacaprimacae\/produto\/tenis-bia-flatform-listras-dourado\/","title":{"rendered":"T\u00eanis Bia Flatform Listras Dourado"},"content":{"rendered":"<p>A uni\u00e3o de duas paix\u00f5es: t\u00eanis e flatform. Tem como n\u00e3o amar? Desejo instant\u00e2neo, o modelo metalizado tem o solado revestido com palha tran\u00e7ada. O acess\u00f3rio perfeito para complementar com um toque fashionista a produ\u00e7\u00e3o b\u00e1sica t-shirt+jeans e inserir o mood r\u00fastico nos looks invernais, com blus\u00f5es e cal\u00e7as amplas. Invista!<\/p>\n<div style='text-align: center'><img src='https:\/\/secure-static.anacapri.com.br\/medias\/sys_master\/anacapri\/anacapri\/hd6\/hcb\/h00\/h00\/9446814416926\/3011500390001U-05-BASEIMAGE-Midres.jpg' style='max-height: 400px' \/><img src='https:\/\/secure-static.anacapri.com.br\/medias\/sys_master\/anacapri\/anacapri\/h94\/h36\/h00\/h00\/9446815399966\/3011500390001U-06-BASEIMAGE-Midres.jpg' style='max-height: 400px' \/><img src='https:\/\/secure-static.anacapri.com.br\/medias\/sys_master\/anacapri\/anacapri\/he0\/hc0\/h00\/h00\/9446814089246\/3011500390001U-07-BASEIMAGE-Midres.jpg' style='max-height: 400px' \/><\/div>\n<p>* Entre em contato por WhatsApp para verificar a disponibilidade do produto. Ref.: C3011500390001<\/p>\n","protected":false},"excerpt":{"rendered":"<p>Estoque dispon\u00edvel no tamanho: 34.<br \/><small>atualizado em 18\/05\/2022.<\/p>\n","protected":false},"featured_media":2221,"template":"","meta":[],"product_cat":[50],"product_tag":[22],"_links":{"self":[{"href":"https:\/\/comprenowhats.com.br\/anacaprimacae\/wp-json\/wp\/v2\/product\/2222"}],"collection":[{"href":"https:\/\/comprenowhats.com.br\/anacaprimacae\/wp-json\/wp\/v2\/product"}],"about":[{"href":"https:\/\/comprenowhats.com.br\/anacaprimacae\/wp-json\/wp\/v2\/types\/product"}],"wp:featuredmedia":[{"embeddable":true,"href":"https:\/\/comprenowhats.com.br\/anacaprimacae\/wp-json\/wp\/v2\/media\/2221"}],"wp:attachment":[{"href":"https:\/\/comprenowhats.com.br\/anacaprimacae\/wp-json\/wp\/v2\/media?parent=2222"}],"wp:term":[{"taxonomy":"product_cat","embeddable":true,"href":"https:\/\/comprenowhats.com.br\/anacaprimacae\/wp-json\/wp\/v2\/product_cat?post=2222"},{"taxonomy":"product_tag","embeddable":true,"href":"https:\/\/comprenowhats.com.br\/anacaprimacae\/wp-json\/wp\/v2\/product_tag?post=2222"}],"curies":[{"name":"wp","href":"https:\/\/api.w.org\/{rel}","templated":true}]}}