{"id":2218,"date":"2022-05-18T11:07:50","date_gmt":"2022-05-18T14:07:50","guid":{"rendered":"https:\/\/comprenowhats.com.br\/anacaprimacae\/produto\/rasteira-tiras-duplas-pedraria-prateada\/"},"modified":"2023-08-18T11:23:35","modified_gmt":"2023-08-18T14:23:35","slug":"rasteira-tiras-duplas-pedraria-prateada","status":"publish","type":"product","link":"https:\/\/comprenowhats.com.br\/anacaprimacae\/produto\/rasteira-tiras-duplas-pedraria-prateada\/","title":{"rendered":"Rasteira Tiras Duplas Pedraria Prateada"},"content":{"rendered":"<p>As tiras duplas que se encontram sobre o peito do p\u00e9 criam um desenho minimalista e elegante. Aliada com aquele look mais elaborado e detalhado essa rasteira delicada pode transformar uma combina\u00e7\u00e3o b\u00e1sica em uma superprodu\u00e7\u00e3o. Basta usar a criatividade e n\u00e3o esquecer que a simplicidade \u00e9 a alma da moda! Menos \u00e9 mais! Nesse modelo aconselhamos a compra de um tamanho maior do que sua numera\u00e7\u00e3o convencional.<\/p>\n<div style='text-align: center'><img src='https:\/\/secure-static.anacapri.com.br\/medias\/sys_master\/anacapri\/anacapri\/hd5\/hdf\/h00\/h00\/9501288890398\/0029401880003U-04-BASEIMAGE-Midres.jpg' style='max-height: 400px' \/><img src='https:\/\/secure-static.anacapri.com.br\/medias\/sys_master\/anacapri\/anacapri\/hc1\/h8b\/h00\/h00\/9501289218078\/0029401880003U-05-BASEIMAGE-Midres.jpg' style='max-height: 400px' \/><img src='https:\/\/secure-static.anacapri.com.br\/medias\/sys_master\/anacapri\/anacapri\/heb\/hd7\/h00\/h00\/9501288562718\/0029401880003U-06-BASEIMAGE-Midres.jpg' style='max-height: 400px' \/><\/div>\n<p>* Entre em contato por WhatsApp para verificar a disponibilidade do produto. Ref.: C0029401880003<\/p>\n","protected":false},"excerpt":{"rendered":"<p>Estoque dispon\u00edvel nos tamanhos: ULTIMA_ESTACAO, 36.<br \/><small>atualizado em 18\/08\/2023.<\/p>\n","protected":false},"featured_media":2217,"template":"","meta":[],"product_cat":[49],"product_tag":[24,103],"_links":{"self":[{"href":"https:\/\/comprenowhats.com.br\/anacaprimacae\/wp-json\/wp\/v2\/product\/2218"}],"collection":[{"href":"https:\/\/comprenowhats.com.br\/anacaprimacae\/wp-json\/wp\/v2\/product"}],"about":[{"href":"https:\/\/comprenowhats.com.br\/anacaprimacae\/wp-json\/wp\/v2\/types\/product"}],"wp:featuredmedia":[{"embeddable":true,"href":"https:\/\/comprenowhats.com.br\/anacaprimacae\/wp-json\/wp\/v2\/media\/2217"}],"wp:attachment":[{"href":"https:\/\/comprenowhats.com.br\/anacaprimacae\/wp-json\/wp\/v2\/media?parent=2218"}],"wp:term":[{"taxonomy":"product_cat","embeddable":true,"href":"https:\/\/comprenowhats.com.br\/anacaprimacae\/wp-json\/wp\/v2\/product_cat?post=2218"},{"taxonomy":"product_tag","embeddable":true,"href":"https:\/\/comprenowhats.com.br\/anacaprimacae\/wp-json\/wp\/v2\/product_tag?post=2218"}],"curies":[{"name":"wp","href":"https:\/\/api.w.org\/{rel}","templated":true}]}}